{"id":1935,"date":"2021-02-23T15:56:02","date_gmt":"2021-02-23T14:56:02","guid":{"rendered":"https:\/\/vildbjerg.kameli.dk\/?page_id=1935"},"modified":"2022-07-15T09:52:39","modified_gmt":"2022-07-15T07:52:39","slug":"bespisning","status":"publish","type":"page","link":"https:\/\/www.vildbjerg-cup.dk\/de\/bespisning\/","title":{"rendered":"Mahlzeiten"},"content":{"rendered":"<div data-elementor-type=\"wp-page\" data-elementor-id=\"1935\" class=\"elementor elementor-1935\" data-elementor-post-type=\"page\">\n\t\t\t\t\t\t<section class=\"elementor-section elementor-top-section elementor-element elementor-element-4244585a elementor-section-height-min-height elementor-section-items-bottom elementor-section-boxed elementor-section-height-default\" data-id=\"4244585a\" data-element_type=\"section\" data-e-type=\"section\" data-settings=\"{&quot;background_background&quot;:&quot;classic&quot;}\">\n\t\t\t\t\t\t<div class=\"elementor-container elementor-column-gap-default\">\n\t\t\t\t\t<div class=\"elementor-column elementor-col-100 elementor-top-column elementor-element elementor-element-5767d974\" data-id=\"5767d974\" data-element_type=\"column\" data-e-type=\"column\">\n\t\t\t<div class=\"elementor-widget-wrap elementor-element-populated\">\n\t\t\t\t\t\t<div class=\"elementor-element elementor-element-3b2a66b elementor-widget__width-auto elementor-widget elementor-widget-heading\" data-id=\"3b2a66b\" data-element_type=\"widget\" data-e-type=\"widget\" data-widget_type=\"heading.default\">\n\t\t\t\t<div class=\"elementor-widget-container\">\n\t\t\t\t\t<h1 class=\"elementor-heading-title elementor-size-default\">Mahlzeiten<\/h1>\t\t\t\t<\/div>\n\t\t\t\t<\/div>\n\t\t\t\t<div class=\"elementor-element elementor-element-76980843 elementor-widget elementor-widget-spacer\" data-id=\"76980843\" data-element_type=\"widget\" data-e-type=\"widget\" data-widget_type=\"spacer.default\">\n\t\t\t\t<div class=\"elementor-widget-container\">\n\t\t\t\t\t\t\t<div class=\"elementor-spacer\">\n\t\t\t<div class=\"elementor-spacer-inner\"><\/div>\n\t\t<\/div>\n\t\t\t\t\t\t<\/div>\n\t\t\t\t<\/div>\n\t\t\t\t\t<\/div>\n\t\t<\/div>\n\t\t\t\t\t<\/div>\n\t\t<\/section>\n\t\t\t\t<section class=\"elementor-section elementor-top-section elementor-element elementor-element-1d7b1589 elementor-section-boxed elementor-section-height-default elementor-section-height-default\" data-id=\"1d7b1589\" data-element_type=\"section\" data-e-type=\"section\">\n\t\t\t\t\t\t<div class=\"elementor-container elementor-column-gap-default\">\n\t\t\t\t\t<div class=\"elementor-column elementor-col-50 elementor-top-column elementor-element elementor-element-25cb6e82\" data-id=\"25cb6e82\" data-element_type=\"column\" data-e-type=\"column\">\n\t\t\t<div class=\"elementor-widget-wrap elementor-element-populated\">\n\t\t\t\t\t\t<div class=\"elementor-element elementor-element-2d3a5b22 elementor-widget elementor-widget-heading\" data-id=\"2d3a5b22\" data-element_type=\"widget\" data-e-type=\"widget\" data-widget_type=\"heading.default\">\n\t\t\t\t<div class=\"elementor-widget-container\">\n\t\t\t\t\t<h3 class=\"elementor-heading-title elementor-size-default\">Gutes Essen f\u00fcr aktive Spieler und Trainer<\/h3>\t\t\t\t<\/div>\n\t\t\t\t<\/div>\n\t\t\t\t<div class=\"elementor-element elementor-element-39568405 elementor-widget elementor-widget-text-editor\" data-id=\"39568405\" data-element_type=\"widget\" data-e-type=\"widget\" data-widget_type=\"text-editor.default\">\n\t\t\t\t<div class=\"elementor-widget-container\">\n\t\t\t\t\t\t\t\t\t<p>Das Vildbjerg Cup Paket enth\u00e4lt 9 Mahlzeiten.<\/p>\n<p>Fr\u00fchst\u00fcck f\u00fcr die Mannschaften, die in Schulen\/Turnhallen au\u03b2er Vildbjerg untergebracht sind, werden zu den Schulen gebracht.<\/p>\n<p>Mittagsessen und Abendessen werden in der Vildbjerg Stadionhalle serviert.<\/p>\n<p><span style=\"color: var( --e-global-color-text ); font-family: var( --e-global-typography-3ad2672-font-family ), Sans-serif; font-size: var( --e-global-typography-3ad2672-font-size ); font-weight: var( --e-global-typography-3ad2672-font-weight ); letter-spacing: var( --e-global-typography-3ad2672-letter-spacing );\">Die Mahlzeiten werden von Hotel Vildbjerg und von Vildbjerg Sports- &amp; Kulturcenter zubereitet.<\/span><\/p>\t\t\t\t\t\t\t\t<\/div>\n\t\t\t\t<\/div>\n\t\t\t\t\t<\/div>\n\t\t<\/div>\n\t\t\t\t<div class=\"elementor-column elementor-col-50 elementor-top-column elementor-element elementor-element-5583bec7\" data-id=\"5583bec7\" data-element_type=\"column\" data-e-type=\"column\">\n\t\t\t<div class=\"elementor-widget-wrap elementor-element-populated\">\n\t\t\t\t\t\t<section class=\"elementor-section elementor-inner-section elementor-element elementor-element-48b6e402 elementor-section-boxed elementor-section-height-default elementor-section-height-default\" data-id=\"48b6e402\" data-element_type=\"section\" data-e-type=\"section\" data-settings=\"{&quot;background_background&quot;:&quot;classic&quot;}\">\n\t\t\t\t\t\t<div class=\"elementor-container elementor-column-gap-default\">\n\t\t\t\t\t<div class=\"elementor-column elementor-col-100 elementor-inner-column elementor-element elementor-element-46a552f0\" data-id=\"46a552f0\" data-element_type=\"column\" data-e-type=\"column\">\n\t\t\t<div class=\"elementor-widget-wrap elementor-element-populated\">\n\t\t\t\t\t\t<div class=\"elementor-element elementor-element-5a31bad7 elementor-widget elementor-widget-heading\" data-id=\"5a31bad7\" data-element_type=\"widget\" data-e-type=\"widget\" data-widget_type=\"heading.default\">\n\t\t\t\t<div class=\"elementor-widget-container\">\n\t\t\t\t\t<h4 class=\"elementor-heading-title elementor-size-default\">Allergien<\/h4>\t\t\t\t<\/div>\n\t\t\t\t<\/div>\n\t\t\t\t<div class=\"elementor-element elementor-element-dd5406f elementor-widget elementor-widget-text-editor\" data-id=\"dd5406f\" data-element_type=\"widget\" data-e-type=\"widget\" data-widget_type=\"text-editor.default\">\n\t\t\t\t<div class=\"elementor-widget-container\">\n\t\t\t\t\t\t\t\t\t<p>Wenn Sie Lebensmittel f\u00fcr Allergiker bestellen m\u00f6chten, senden Sie uns bitte eine E-Mail.<\/p><p>info@vildbjerg-cup.dk<\/p>\t\t\t\t\t\t\t\t<\/div>\n\t\t\t\t<\/div>\n\t\t\t\t\t<\/div>\n\t\t<\/div>\n\t\t\t\t\t<\/div>\n\t\t<\/section>\n\t\t\t\t\t<\/div>\n\t\t<\/div>\n\t\t\t\t\t<\/div>\n\t\t<\/section>\n\t\t\t\t<section class=\"elementor-section elementor-top-section elementor-element elementor-element-2173ada elementor-section-boxed elementor-section-height-default elementor-section-height-default\" data-id=\"2173ada\" data-element_type=\"section\" data-e-type=\"section\">\n\t\t\t\t\t\t<div class=\"elementor-container elementor-column-gap-default\">\n\t\t\t\t\t<div class=\"elementor-column elementor-col-50 elementor-top-column elementor-element elementor-element-54ab2e4\" data-id=\"54ab2e4\" data-element_type=\"column\" data-e-type=\"column\">\n\t\t\t<div class=\"elementor-widget-wrap elementor-element-populated\">\n\t\t\t\t\t\t<div class=\"elementor-element elementor-element-aed2613 elementor-widget elementor-widget-heading\" data-id=\"aed2613\" data-element_type=\"widget\" data-e-type=\"widget\" data-widget_type=\"heading.default\">\n\t\t\t\t<div class=\"elementor-widget-container\">\n\t\t\t\t\t<h2 class=\"elementor-heading-title elementor-size-default\">Die Mahlzeiten werden Serviert<\/h2>\t\t\t\t<\/div>\n\t\t\t\t<\/div>\n\t\t\t\t<div class=\"elementor-element elementor-element-31b0dff elementor-widget elementor-widget-text-editor\" data-id=\"31b0dff\" data-element_type=\"widget\" data-e-type=\"widget\" data-widget_type=\"text-editor.default\">\n\t\t\t\t<div class=\"elementor-widget-container\">\n\t\t\t\t\t\t\t\t\t<p><strong>Donnerstag<\/strong><br \/><span style=\"color: var( --e-global-color-text ); font-family: var( --e-global-typography-3ad2672-font-family ), Sans-serif; font-size: var( --e-global-typography-3ad2672-font-size ); font-weight: var( --e-global-typography-3ad2672-font-weight ); letter-spacing: var( --e-global-typography-3ad2672-letter-spacing );\">16:30-19:30 Abendessen<\/span><\/p><p><strong>Freitag<\/strong><br \/><span style=\"color: var( --e-global-color-text ); font-family: var( --e-global-typography-3ad2672-font-family ), Sans-serif; font-size: var( --e-global-typography-3ad2672-font-size ); font-weight: var( --e-global-typography-3ad2672-font-weight ); letter-spacing: var( --e-global-typography-3ad2672-letter-spacing );\">06:30-09:30 Fr\u00fchst\u00fcck<br \/><\/span><span style=\"color: var( --e-global-color-text ); font-family: var( --e-global-typography-3ad2672-font-family ), Sans-serif; font-size: var( --e-global-typography-3ad2672-font-size ); font-weight: var( --e-global-typography-3ad2672-font-weight ); letter-spacing: var( --e-global-typography-3ad2672-letter-spacing );\">11:00-14:00 Mittagsessen<br \/><\/span><span style=\"color: var( --e-global-color-text ); font-family: var( --e-global-typography-3ad2672-font-family ), Sans-serif; font-size: var( --e-global-typography-3ad2672-font-size ); font-weight: var( --e-global-typography-3ad2672-font-weight ); letter-spacing: var( --e-global-typography-3ad2672-letter-spacing );\">16:30-19:30 Abendessen<\/span><\/p><p><strong>Samstag<\/strong><br \/><span style=\"color: var( --e-global-color-text ); font-family: var( --e-global-typography-3ad2672-font-family ), Sans-serif; font-size: var( --e-global-typography-3ad2672-font-size ); font-weight: var( --e-global-typography-3ad2672-font-weight ); letter-spacing: var( --e-global-typography-3ad2672-letter-spacing );\">06:30-09:30 Fr\u00fchst\u00fcck<br \/><\/span><span style=\"color: var( --e-global-color-text ); font-family: var( --e-global-typography-3ad2672-font-family ), Sans-serif; font-size: var( --e-global-typography-3ad2672-font-size ); font-weight: var( --e-global-typography-3ad2672-font-weight ); letter-spacing: var( --e-global-typography-3ad2672-letter-spacing );\">11:00-14:00 Mittagsessen<br \/><\/span><span style=\"color: var( --e-global-color-text ); font-family: var( --e-global-typography-3ad2672-font-family ), Sans-serif; font-size: var( --e-global-typography-3ad2672-font-size ); font-weight: var( --e-global-typography-3ad2672-font-weight ); letter-spacing: var( --e-global-typography-3ad2672-letter-spacing );\">16:30-19:30 Abendessen<\/span><\/p><p><strong>Sonntag<\/strong><br \/><span style=\"color: var( --e-global-color-text ); font-family: var( --e-global-typography-3ad2672-font-family ), Sans-serif; font-size: var( --e-global-typography-3ad2672-font-size ); font-weight: var( --e-global-typography-3ad2672-font-weight ); letter-spacing: var( --e-global-typography-3ad2672-letter-spacing );\">06:30-09:30 Fr\u00fchst\u00fcck<br \/><\/span><span style=\"color: var( --e-global-color-text ); font-family: var( --e-global-typography-3ad2672-font-family ), Sans-serif; font-size: var( --e-global-typography-3ad2672-font-size ); font-weight: var( --e-global-typography-3ad2672-font-weight ); letter-spacing: var( --e-global-typography-3ad2672-letter-spacing );\">11:00-14:00 Mittagsessen<\/span><\/p>\t\t\t\t\t\t\t\t<\/div>\n\t\t\t\t<\/div>\n\t\t\t\t\t<\/div>\n\t\t<\/div>\n\t\t\t\t<div class=\"elementor-column elementor-col-50 elementor-top-column elementor-element elementor-element-602da0c\" data-id=\"602da0c\" data-element_type=\"column\" data-e-type=\"column\">\n\t\t\t<div class=\"elementor-widget-wrap elementor-element-populated\">\n\t\t\t\t\t\t<div class=\"elementor-element elementor-element-79d874c elementor-widget elementor-widget-image\" data-id=\"79d874c\" data-element_type=\"widget\" data-e-type=\"widget\" data-widget_type=\"image.default\">\n\t\t\t\t<div class=\"elementor-widget-container\">\n\t\t\t\t\t\t\t\t\t\t\t\t\t\t\t<img fetchpriority=\"high\" decoding=\"async\" width=\"800\" height=\"534\" src=\"https:\/\/www.vildbjerg-cup.dk\/wp-content\/uploads\/2021\/03\/bespisning2-1024x683.jpg\" class=\"attachment-large size-large wp-image-2032\" alt=\"Vildbjerg Cup bespisning\" srcset=\"https:\/\/www.vildbjerg-cup.dk\/wp-content\/uploads\/2021\/03\/bespisning2-1024x683.jpg 1024w, https:\/\/www.vildbjerg-cup.dk\/wp-content\/uploads\/2021\/03\/bespisning2-300x200.jpg 300w, https:\/\/www.vildbjerg-cup.dk\/wp-content\/uploads\/2021\/03\/bespisning2-768x512.jpg 768w, https:\/\/www.vildbjerg-cup.dk\/wp-content\/uploads\/2021\/03\/bespisning2-1536x1024.jpg 1536w, https:\/\/www.vildbjerg-cup.dk\/wp-content\/uploads\/2021\/03\/bespisning2-16x12.jpg 16w, https:\/\/www.vildbjerg-cup.dk\/wp-content\/uploads\/2021\/03\/bespisning2.jpg 2048w\" sizes=\"(max-width: 800px) 100vw, 800px\" \/>\t\t\t\t\t\t\t\t\t\t\t\t\t\t\t<\/div>\n\t\t\t\t<\/div>\n\t\t\t\t\t<\/div>\n\t\t<\/div>\n\t\t\t\t\t<\/div>\n\t\t<\/section>\n\t\t\t\t<\/div>","protected":false},"excerpt":{"rendered":"<p>Bespisning God mad til aktive spillere og tr\u00e6nere Vildbjerg Cup er kendt for den gode mad af h\u00f8j kvalitet. N\u00e5r der er valgt et deltagergebyr med bespisning, er der inkluderet 9 m\u00e5ltider fra torsdag aften til s\u00f8ndag frokost. Morgenmaden serveres p\u00e5 indkvarteringsstederne. Er man indkvarteret p\u00e5 Kildebakkeskolen, p\u00e5 camping i Vildbjerg eller i Teltbyen, serveres [&hellip;]<\/p>\n","protected":false},"author":6,"featured_media":0,"parent":0,"menu_order":0,"comment_status":"closed","ping_status":"closed","template":"","meta":{"footnotes":""},"class_list":["post-1935","page","type-page","status-publish","hentry"],"acf":[],"_links":{"self":[{"href":"https:\/\/www.vildbjerg-cup.dk\/de\/wp-json\/wp\/v2\/pages\/1935","targetHints":{"allow":["GET"]}}],"collection":[{"href":"https:\/\/www.vildbjerg-cup.dk\/de\/wp-json\/wp\/v2\/pages"}],"about":[{"href":"https:\/\/www.vildbjerg-cup.dk\/de\/wp-json\/wp\/v2\/types\/page"}],"author":[{"embeddable":true,"href":"https:\/\/www.vildbjerg-cup.dk\/de\/wp-json\/wp\/v2\/users\/6"}],"replies":[{"embeddable":true,"href":"https:\/\/www.vildbjerg-cup.dk\/de\/wp-json\/wp\/v2\/comments?post=1935"}],"version-history":[{"count":66,"href":"https:\/\/www.vildbjerg-cup.dk\/de\/wp-json\/wp\/v2\/pages\/1935\/revisions"}],"predecessor-version":[{"id":3172,"href":"https:\/\/www.vildbjerg-cup.dk\/de\/wp-json\/wp\/v2\/pages\/1935\/revisions\/3172"}],"wp:attachment":[{"href":"https:\/\/www.vildbjerg-cup.dk\/de\/wp-json\/wp\/v2\/media?parent=1935"}],"curies":[{"name":"wp","href":"https:\/\/api.w.org\/{rel}","templated":true}]}}