{"id":2018,"date":"2021-03-03T13:49:10","date_gmt":"2021-03-03T12:49:10","guid":{"rendered":"https:\/\/vildbjerg.kameli.dk\/?page_id=2018"},"modified":"2025-11-04T15:27:02","modified_gmt":"2025-11-04T14:27:02","slug":"betalingsbetingelser","status":"publish","type":"page","link":"https:\/\/www.vildbjerg-cup.dk\/de\/betalingsbetingelser\/","title":{"rendered":"Zahlungsbedingungen"},"content":{"rendered":"<div data-elementor-type=\"wp-page\" data-elementor-id=\"2018\" class=\"elementor elementor-2018\" data-elementor-post-type=\"page\">\n\t\t\t\t\t\t<section class=\"elementor-section elementor-top-section elementor-element elementor-element-1d475b85 elementor-section-height-min-height elementor-section-items-bottom elementor-section-boxed elementor-section-height-default\" data-id=\"1d475b85\" data-element_type=\"section\" data-e-type=\"section\" data-settings=\"{&quot;background_background&quot;:&quot;classic&quot;}\">\n\t\t\t\t\t\t<div class=\"elementor-container elementor-column-gap-default\">\n\t\t\t\t\t<div class=\"elementor-column elementor-col-100 elementor-top-column elementor-element elementor-element-2b15d610\" data-id=\"2b15d610\" data-element_type=\"column\" data-e-type=\"column\">\n\t\t\t<div class=\"elementor-widget-wrap elementor-element-populated\">\n\t\t\t\t\t\t<div class=\"elementor-element elementor-element-9182c59 elementor-widget__width-auto elementor-widget elementor-widget-heading\" data-id=\"9182c59\" data-element_type=\"widget\" data-e-type=\"widget\" data-widget_type=\"heading.default\">\n\t\t\t\t<div class=\"elementor-widget-container\">\n\t\t\t\t\t<h1 class=\"elementor-heading-title elementor-size-default\">Zahlungsbedingungen<\/h1>\t\t\t\t<\/div>\n\t\t\t\t<\/div>\n\t\t\t\t<div class=\"elementor-element elementor-element-3348a356 elementor-widget elementor-widget-spacer\" data-id=\"3348a356\" data-element_type=\"widget\" data-e-type=\"widget\" data-widget_type=\"spacer.default\">\n\t\t\t\t<div class=\"elementor-widget-container\">\n\t\t\t\t\t\t\t<div class=\"elementor-spacer\">\n\t\t\t<div class=\"elementor-spacer-inner\"><\/div>\n\t\t<\/div>\n\t\t\t\t\t\t<\/div>\n\t\t\t\t<\/div>\n\t\t\t\t\t<\/div>\n\t\t<\/div>\n\t\t\t\t\t<\/div>\n\t\t<\/section>\n\t\t\t\t<section class=\"elementor-section elementor-top-section elementor-element elementor-element-28459cc3 elementor-section-boxed elementor-section-height-default elementor-section-height-default\" data-id=\"28459cc3\" data-element_type=\"section\" data-e-type=\"section\">\n\t\t\t\t\t\t<div class=\"elementor-container elementor-column-gap-default\">\n\t\t\t\t\t<div class=\"elementor-column elementor-col-50 elementor-top-column elementor-element elementor-element-5929a86a\" data-id=\"5929a86a\" data-element_type=\"column\" data-e-type=\"column\">\n\t\t\t<div class=\"elementor-widget-wrap elementor-element-populated\">\n\t\t\t\t\t\t<div class=\"elementor-element elementor-element-27e328d8 elementor-widget elementor-widget-text-editor\" data-id=\"27e328d8\" data-element_type=\"widget\" data-e-type=\"widget\" data-widget_type=\"text-editor.default\">\n\t\t\t\t<div class=\"elementor-widget-container\">\n\t\t\t\t\t\t\t\t\t<p>Anmeldungsfrist f\u00fcr Mannschaften ist am 15. Mai.<\/p><p>Ved afmelding af hold inden d. 15. maj, vil indbetalt holdgebyr blive tilbagebetalt. Efter d. 15. maj vil der ikke kunne opn\u00e5s tilbagebetaling, da dette er sidste frist for \u00e6ndring og afmelding af hold.<\/p><p>Sidste frist for registrering af deltagere og betaling af deltagergebyrer er d. 22. maj.<br \/><span style=\"color: var( --e-global-color-text ); font-family: var( --e-global-typography-3ad2672-font-family ), Sans-serif; font-size: var( --e-global-typography-3ad2672-font-size ); font-weight: var( --e-global-typography-3ad2672-font-weight ); letter-spacing: var( --e-global-typography-3ad2672-letter-spacing );\">Det er dog muligt at eftertilmelde spillere via tilmeldingssystemet til og med d. 22. juli.<\/span><\/p><p>Ved afmelding af enkelte deltagere p\u00e5 et hold inden d. 1. juli, vil indbetalt deltagergebyr blive tilbagebetalt. Efter d. 1. juli vil der ikke kunne opn\u00e5s tilbagebetaling og klubben vil blive opkr\u00e6vet evt. manglende betaling.<br \/><br \/><strong>CAMPING<br \/><\/strong>Anmeldungsfrist f\u00fcr den Campingplatz ist am 15. Juni.<\/p><p>Bei Anmeldungen von Stellpl\u00e4tzen auf dem Campingplatz vor dem 15. Juni werden wir die einbezahlte Campinggeb\u00fchr zur\u00fcckzahlen. Nach dem 15. Juni wird nichts r\u00fcckerstattet.<\/p>\t\t\t\t\t\t\t\t<\/div>\n\t\t\t\t<\/div>\n\t\t\t\t\t<\/div>\n\t\t<\/div>\n\t\t\t\t<div class=\"elementor-column elementor-col-50 elementor-top-column elementor-element elementor-element-4047ecbc\" data-id=\"4047ecbc\" data-element_type=\"column\" data-e-type=\"column\">\n\t\t\t<div class=\"elementor-widget-wrap elementor-element-populated\">\n\t\t\t\t\t\t<section class=\"elementor-section elementor-inner-section elementor-element elementor-element-16e6c453 elementor-section-boxed elementor-section-height-default elementor-section-height-default\" data-id=\"16e6c453\" data-element_type=\"section\" data-e-type=\"section\" data-settings=\"{&quot;background_background&quot;:&quot;classic&quot;}\">\n\t\t\t\t\t\t<div class=\"elementor-container elementor-column-gap-default\">\n\t\t\t\t\t<div class=\"elementor-column elementor-col-100 elementor-inner-column elementor-element elementor-element-404480ee\" data-id=\"404480ee\" data-element_type=\"column\" data-e-type=\"column\">\n\t\t\t<div class=\"elementor-widget-wrap elementor-element-populated\">\n\t\t\t\t\t\t<div class=\"elementor-element elementor-element-52219eaa elementor-widget elementor-widget-heading\" data-id=\"52219eaa\" data-element_type=\"widget\" data-e-type=\"widget\" data-widget_type=\"heading.default\">\n\t\t\t\t<div class=\"elementor-widget-container\">\n\t\t\t\t\t<h4 class=\"elementor-heading-title elementor-size-default\">Tilmeld i god tid!<\/h4>\t\t\t\t<\/div>\n\t\t\t\t<\/div>\n\t\t\t\t<div class=\"elementor-element elementor-element-74d8b57c elementor-widget elementor-widget-text-editor\" data-id=\"74d8b57c\" data-element_type=\"widget\" data-e-type=\"widget\" data-widget_type=\"text-editor.default\">\n\t\t\t\t<div class=\"elementor-widget-container\">\n\t\t\t\t\t\t\t\t\t<p>Vi anbefaler tilmelding i god tid f\u00f8r den officielle deadline. I 2025 lukkede vi for f.eks. for tilmelding af hold d. 15. april, da vi p\u00e5 dette tidspunkt var p\u00e5 vores max. kapacitet ift. antal tilmeldte hold.<\/p>\t\t\t\t\t\t\t\t<\/div>\n\t\t\t\t<\/div>\n\t\t\t\t\t<\/div>\n\t\t<\/div>\n\t\t\t\t\t<\/div>\n\t\t<\/section>\n\t\t\t\t\t<\/div>\n\t\t<\/div>\n\t\t\t\t\t<\/div>\n\t\t<\/section>\n\t\t\t\t<\/div>","protected":false},"excerpt":{"rendered":"<p>Betalingsbetingelser Sidste frist for tilmelding af hold er d. 15. maj. Ved afmelding af hold inden d. 15. maj, vil indbetalt holdgebyr blive tilbagebetalt. Efter d. 15. maj vil der ikke kunne opn\u00e5s tilbagebetaling, da dette er sidste frist for \u00e6ndring og afmelding af hold. Sidste frist for registrering af deltagere og betaling af deltagergebyrer [&hellip;]<\/p>\n","protected":false},"author":6,"featured_media":0,"parent":0,"menu_order":0,"comment_status":"closed","ping_status":"closed","template":"","meta":{"footnotes":""},"class_list":["post-2018","page","type-page","status-publish","hentry"],"acf":[],"_links":{"self":[{"href":"https:\/\/www.vildbjerg-cup.dk\/de\/wp-json\/wp\/v2\/pages\/2018","targetHints":{"allow":["GET"]}}],"collection":[{"href":"https:\/\/www.vildbjerg-cup.dk\/de\/wp-json\/wp\/v2\/pages"}],"about":[{"href":"https:\/\/www.vildbjerg-cup.dk\/de\/wp-json\/wp\/v2\/types\/page"}],"author":[{"embeddable":true,"href":"https:\/\/www.vildbjerg-cup.dk\/de\/wp-json\/wp\/v2\/users\/6"}],"replies":[{"embeddable":true,"href":"https:\/\/www.vildbjerg-cup.dk\/de\/wp-json\/wp\/v2\/comments?post=2018"}],"version-history":[{"count":39,"href":"https:\/\/www.vildbjerg-cup.dk\/de\/wp-json\/wp\/v2\/pages\/2018\/revisions"}],"predecessor-version":[{"id":4845,"href":"https:\/\/www.vildbjerg-cup.dk\/de\/wp-json\/wp\/v2\/pages\/2018\/revisions\/4845"}],"wp:attachment":[{"href":"https:\/\/www.vildbjerg-cup.dk\/de\/wp-json\/wp\/v2\/media?parent=2018"}],"curies":[{"name":"wp","href":"https:\/\/api.w.org\/{rel}","templated":true}]}}