{"id":2147,"date":"2021-10-07T14:43:16","date_gmt":"2021-10-07T12:43:16","guid":{"rendered":"https:\/\/vildbjerg.kameli.dk\/?page_id=2147"},"modified":"2025-11-04T15:49:27","modified_gmt":"2025-11-04T14:49:27","slug":"velkommen","status":"publish","type":"page","link":"https:\/\/www.vildbjerg-cup.dk\/de\/velkommen\/","title":{"rendered":"Willkommen"},"content":{"rendered":"<div data-elementor-type=\"wp-page\" data-elementor-id=\"2147\" class=\"elementor elementor-2147\" data-elementor-post-type=\"page\">\n\t\t\t\t\t\t<section class=\"elementor-section elementor-top-section elementor-element elementor-element-4492394b elementor-section-height-min-height elementor-section-items-bottom elementor-section-boxed elementor-section-height-default\" data-id=\"4492394b\" data-element_type=\"section\" data-e-type=\"section\" data-settings=\"{&quot;background_background&quot;:&quot;classic&quot;}\">\n\t\t\t\t\t\t<div class=\"elementor-container elementor-column-gap-default\">\n\t\t\t\t\t<div class=\"elementor-column elementor-col-100 elementor-top-column elementor-element elementor-element-401bc416\" data-id=\"401bc416\" data-element_type=\"column\" data-e-type=\"column\">\n\t\t\t<div class=\"elementor-widget-wrap elementor-element-populated\">\n\t\t\t\t\t\t<div class=\"elementor-element elementor-element-841adaf elementor-widget__width-auto elementor-widget elementor-widget-heading\" data-id=\"841adaf\" data-element_type=\"widget\" data-e-type=\"widget\" data-widget_type=\"heading.default\">\n\t\t\t\t<div class=\"elementor-widget-container\">\n\t\t\t\t\t<h1 class=\"elementor-heading-title elementor-size-default\">Willkommen!<\/h1>\t\t\t\t<\/div>\n\t\t\t\t<\/div>\n\t\t\t\t<div class=\"elementor-element elementor-element-53098885 elementor-widget elementor-widget-spacer\" data-id=\"53098885\" data-element_type=\"widget\" data-e-type=\"widget\" data-widget_type=\"spacer.default\">\n\t\t\t\t<div class=\"elementor-widget-container\">\n\t\t\t\t\t\t\t<div class=\"elementor-spacer\">\n\t\t\t<div class=\"elementor-spacer-inner\"><\/div>\n\t\t<\/div>\n\t\t\t\t\t\t<\/div>\n\t\t\t\t<\/div>\n\t\t\t\t\t<\/div>\n\t\t<\/div>\n\t\t\t\t\t<\/div>\n\t\t<\/section>\n\t\t\t\t<section class=\"elementor-section elementor-top-section elementor-element elementor-element-1c0ac95b elementor-section-content-middle elementor-section-boxed elementor-section-height-default elementor-section-height-default\" data-id=\"1c0ac95b\" data-element_type=\"section\" data-e-type=\"section\">\n\t\t\t\t\t\t<div class=\"elementor-container elementor-column-gap-wider\">\n\t\t\t\t\t<div class=\"elementor-column elementor-col-50 elementor-top-column elementor-element elementor-element-2b02a536\" data-id=\"2b02a536\" data-element_type=\"column\" data-e-type=\"column\">\n\t\t\t<div class=\"elementor-widget-wrap elementor-element-populated\">\n\t\t\t\t\t\t<div class=\"elementor-element elementor-element-65b04563 elementor-widget elementor-widget-heading\" data-id=\"65b04563\" data-element_type=\"widget\" data-e-type=\"widget\" data-widget_type=\"heading.default\">\n\t\t\t\t<div class=\"elementor-widget-container\">\n\t\t\t\t\t<h3 class=\"elementor-heading-title elementor-size-default\">Vildbjerg Cup 2026<\/h3>\t\t\t\t<\/div>\n\t\t\t\t<\/div>\n\t\t\t\t<div class=\"elementor-element elementor-element-1b03a207 elementor-widget elementor-widget-text-editor\" data-id=\"1b03a207\" data-element_type=\"widget\" data-e-type=\"widget\" data-widget_type=\"text-editor.default\">\n\t\t\t\t<div class=\"elementor-widget-container\">\n\t\t\t\t\t\t\t\t\t<p>Fodboldglade drenge og piger fra danske og udenlandske klubber indbydes for 46. gang til at deltage i Danmarks vel nok mest traditionsrige fodboldst\u00e6vne og samtidig et af Europas st\u00f8rste fodboldturneringer for ungdom.<\/p><p>Vildbjerg Cup er en oplagt optakt til den nye s\u00e6son. Vi udbyder i 2026 hele 45 forskellige spiller\u00e6kker og har niveauopdeling i aldersgrupperne for at sikre fair og j\u00e6vnbyrdige kampe. Vildbjerg Cup giver dermed ogs\u00e5 mulighed for at alle klubbens ungdomsfodboldspillere kan deltage i st\u00e6vnet. Der spilles p\u00e5 44 fremragende gr\u00e6sbaner beliggende omkring Vildbjerg Sports- og Kulturcenter, som udg\u00f8r den unikke ramme til afvikling af de ca. 2.000 fodboldkampe fordelt p\u00e5 fire dage<\/p>\t\t\t\t\t\t\t\t<\/div>\n\t\t\t\t<\/div>\n\t\t\t\t\t<\/div>\n\t\t<\/div>\n\t\t\t\t<div class=\"elementor-column elementor-col-50 elementor-top-column elementor-element elementor-element-3b4f65a1\" data-id=\"3b4f65a1\" data-element_type=\"column\" data-e-type=\"column\">\n\t\t\t<div class=\"elementor-widget-wrap elementor-element-populated\">\n\t\t\t\t\t\t<div class=\"elementor-element elementor-element-712cfd1d elementor-widget elementor-widget-image\" data-id=\"712cfd1d\" data-element_type=\"widget\" data-e-type=\"widget\" data-widget_type=\"image.default\">\n\t\t\t\t<div class=\"elementor-widget-container\">\n\t\t\t\t\t\t\t\t\t\t\t\t\t\t\t<img fetchpriority=\"high\" decoding=\"async\" width=\"800\" height=\"684\" src=\"https:\/\/www.vildbjerg-cup.dk\/wp-content\/uploads\/2021\/02\/Vildbjerg-Cup-kamp-drenge-3-1024x875.jpg\" class=\"attachment-large size-large wp-image-1247\" alt=\"\" srcset=\"https:\/\/www.vildbjerg-cup.dk\/wp-content\/uploads\/2021\/02\/Vildbjerg-Cup-kamp-drenge-3-1024x875.jpg 1024w, https:\/\/www.vildbjerg-cup.dk\/wp-content\/uploads\/2021\/02\/Vildbjerg-Cup-kamp-drenge-3-300x256.jpg 300w, https:\/\/www.vildbjerg-cup.dk\/wp-content\/uploads\/2021\/02\/Vildbjerg-Cup-kamp-drenge-3-768x656.jpg 768w, https:\/\/www.vildbjerg-cup.dk\/wp-content\/uploads\/2021\/02\/Vildbjerg-Cup-kamp-drenge-3-1536x1312.jpg 1536w, https:\/\/www.vildbjerg-cup.dk\/wp-content\/uploads\/2021\/02\/Vildbjerg-Cup-kamp-drenge-3-14x12.jpg 14w, https:\/\/www.vildbjerg-cup.dk\/wp-content\/uploads\/2021\/02\/Vildbjerg-Cup-kamp-drenge-3.jpg 1920w\" sizes=\"(max-width: 800px) 100vw, 800px\" \/>\t\t\t\t\t\t\t\t\t\t\t\t\t\t\t<\/div>\n\t\t\t\t<\/div>\n\t\t\t\t\t<\/div>\n\t\t<\/div>\n\t\t\t\t\t<\/div>\n\t\t<\/section>\n\t\t\t\t<section class=\"elementor-section elementor-top-section elementor-element elementor-element-3f90b74 elementor-section-content-middle elementor-section-boxed elementor-section-height-default elementor-section-height-default\" data-id=\"3f90b74\" data-element_type=\"section\" data-e-type=\"section\">\n\t\t\t\t\t\t<div class=\"elementor-container elementor-column-gap-wider\">\n\t\t\t\t\t<div class=\"elementor-column elementor-col-50 elementor-top-column elementor-element elementor-element-17609e17\" data-id=\"17609e17\" data-element_type=\"column\" data-e-type=\"column\">\n\t\t\t<div class=\"elementor-widget-wrap elementor-element-populated\">\n\t\t\t\t\t\t<div class=\"elementor-element elementor-element-76cb51a0 elementor-widget elementor-widget-image\" data-id=\"76cb51a0\" data-element_type=\"widget\" data-e-type=\"widget\" data-widget_type=\"image.default\">\n\t\t\t\t<div class=\"elementor-widget-container\">\n\t\t\t\t\t\t\t\t\t\t\t\t\t\t\t<img decoding=\"async\" width=\"800\" height=\"534\" src=\"https:\/\/www.vildbjerg-cup.dk\/wp-content\/uploads\/2021\/11\/295-1024x683.jpg\" class=\"attachment-large size-large wp-image-2475\" alt=\"Vildbjerg Cup Norsk hold med medaljer\" srcset=\"https:\/\/www.vildbjerg-cup.dk\/wp-content\/uploads\/2021\/11\/295-1024x683.jpg 1024w, https:\/\/www.vildbjerg-cup.dk\/wp-content\/uploads\/2021\/11\/295-300x200.jpg 300w, https:\/\/www.vildbjerg-cup.dk\/wp-content\/uploads\/2021\/11\/295-768x512.jpg 768w, https:\/\/www.vildbjerg-cup.dk\/wp-content\/uploads\/2021\/11\/295-1536x1024.jpg 1536w, https:\/\/www.vildbjerg-cup.dk\/wp-content\/uploads\/2021\/11\/295-2048x1365.jpg 2048w, https:\/\/www.vildbjerg-cup.dk\/wp-content\/uploads\/2021\/11\/295-18x12.jpg 18w\" sizes=\"(max-width: 800px) 100vw, 800px\" \/>\t\t\t\t\t\t\t\t\t\t\t\t\t\t\t<\/div>\n\t\t\t\t<\/div>\n\t\t\t\t\t<\/div>\n\t\t<\/div>\n\t\t\t\t<div class=\"elementor-column elementor-col-50 elementor-top-column elementor-element elementor-element-60224a55\" data-id=\"60224a55\" data-element_type=\"column\" data-e-type=\"column\">\n\t\t\t<div class=\"elementor-widget-wrap elementor-element-populated\">\n\t\t\t\t\t\t<div class=\"elementor-element elementor-element-46e3c763 elementor-widget elementor-widget-heading\" data-id=\"46e3c763\" data-element_type=\"widget\" data-e-type=\"widget\" data-widget_type=\"heading.default\">\n\t\t\t\t<div class=\"elementor-widget-container\">\n\t\t\t\t\t<h3 class=\"elementor-heading-title elementor-size-default\">Einquartierung und Mahlzeiten<\/h3>\t\t\t\t<\/div>\n\t\t\t\t<\/div>\n\t\t\t\t<div class=\"elementor-element elementor-element-6c7e1e3f elementor-widget elementor-widget-text-editor\" data-id=\"6c7e1e3f\" data-element_type=\"widget\" data-e-type=\"widget\" data-widget_type=\"text-editor.default\">\n\t\t\t\t<div class=\"elementor-widget-container\">\n\t\t\t\t\t\t\t\t\t<p>Die vielen Fu\u00dfballspieler werden in naheliegenden Schulen und Turnhallen einquartiert oder wohnen in Zelten oder Wohnwagen auf dem Camplngplatz. Der Campingplatz wird jedes Jahr ausgebaut und verbessert. Im letzten Jahr wurden somit 2.500 Einheiten auf den Pl\u00e4tzen eingerichtet. Mit einem gemeinsamen Intersse an Fu\u00dfball bildet der Campingplatz den Ausgangspunkt f\u00fcr einen spannenden Aufenthalt f\u00fcr Spieler, Betreuer, Eltern und Angeh\u00f6rige.  Es werden freie Busse zwischen Einquartierungsschulen, den \u00e4usserstliegenden Campingpl\u00e4tzen und dem Spielgel\u00e4nde eingesetzt.<\/p><p>Das Essen wird in der Stadionhalle serviert und wird von Vildbjerg Sports- og Kulturcenter und Hotel Vildbjerg zubereitet.<\/p>\t\t\t\t\t\t\t\t<\/div>\n\t\t\t\t<\/div>\n\t\t\t\t\t<\/div>\n\t\t<\/div>\n\t\t\t\t\t<\/div>\n\t\t<\/section>\n\t\t\t\t<section class=\"elementor-section elementor-top-section elementor-element elementor-element-5befb7a elementor-section-content-middle elementor-section-boxed elementor-section-height-default elementor-section-height-default\" data-id=\"5befb7a\" data-element_type=\"section\" data-e-type=\"section\">\n\t\t\t\t\t\t<div class=\"elementor-container elementor-column-gap-wider\">\n\t\t\t\t\t<div class=\"elementor-column elementor-col-50 elementor-top-column elementor-element elementor-element-aad5a5c\" data-id=\"aad5a5c\" data-element_type=\"column\" data-e-type=\"column\">\n\t\t\t<div class=\"elementor-widget-wrap elementor-element-populated\">\n\t\t\t\t\t\t<div class=\"elementor-element elementor-element-3b5db79 elementor-widget elementor-widget-heading\" data-id=\"3b5db79\" data-element_type=\"widget\" data-e-type=\"widget\" data-widget_type=\"heading.default\">\n\t\t\t\t<div class=\"elementor-widget-container\">\n\t\t\t\t\t<h3 class=\"elementor-heading-title elementor-size-default\">Fussball und aktivit\u00e4ten<\/h3>\t\t\t\t<\/div>\n\t\t\t\t<\/div>\n\t\t\t\t<div class=\"elementor-element elementor-element-61b253e elementor-widget elementor-widget-text-editor\" data-id=\"61b253e\" data-element_type=\"widget\" data-e-type=\"widget\" data-widget_type=\"text-editor.default\">\n\t\t\t\t<div class=\"elementor-widget-container\">\n\t\t\t\t\t\t\t\t\t<p>Alle dage f\u00e5r vi bes\u00f8g af Adidas, Sport 24 og Carlsberg Sport, som tilbyder forskellige konkurrencer og events p\u00e5 eventpladsen og rundt p\u00e5 banerne. Technica Football byder p\u00e5 sjove fodboldtekniske udfordringer p\u00e5 Technica Arena og fredag og l\u00f8rdag arrangerer vi Hop &amp; Rul legeland for de mindste samt gratis open-air diskotek bag Stadionhallen. L\u00f8rdag aften sluttes af med et k\u00e6mpe festfyrv\u00e6rkeri.<\/p>\n<p>Bei der Ankunft erh\u00e4lt jeder Teilnehmer ein ein einzigartiges Hummel Vildbjerg Cup T-shirt und die Preistr\u00e4ger von sowohl A und B-Endspielen  werden sehr sch\u00f6ne Preise im Werte von \u20ac400.000 davon tragen!<\/p>\n<p>Vi h\u00e5ber rigtig mange klubber vil give deres ungdomsspillere en oplevelse ud over det s\u00e6dvanlige og tilmelde sig Vildbjerg Cup 2026. Vi gl\u00e6der os i hvert fald til at byde alle hjerteligt velkommen til fire festlige og forn\u00f8jelige fodbolddage!<\/p>\n<p>Mit freundlichen Gr\u00fcssen<br><span style=\"color: var( --e-global-color-text ); font-family: var( --e-global-typography-3ad2672-font-family ), Sans-serif; font-size: var( --e-global-typography-3ad2672-font-size ); font-weight: var( --e-global-typography-3ad2672-font-weight ); letter-spacing: var( --e-global-typography-3ad2672-letter-spacing );\">Das Vildbjerg Cup Team<\/span><\/p>\t\t\t\t\t\t\t\t<\/div>\n\t\t\t\t<\/div>\n\t\t\t\t\t<\/div>\n\t\t<\/div>\n\t\t\t\t<div class=\"elementor-column elementor-col-50 elementor-top-column elementor-element elementor-element-9182119\" data-id=\"9182119\" data-element_type=\"column\" data-e-type=\"column\">\n\t\t\t<div class=\"elementor-widget-wrap elementor-element-populated\">\n\t\t\t\t\t\t<div class=\"elementor-element elementor-element-6ff5fb3 elementor-widget elementor-widget-image\" data-id=\"6ff5fb3\" data-element_type=\"widget\" data-e-type=\"widget\" data-widget_type=\"image.default\">\n\t\t\t\t<div class=\"elementor-widget-container\">\n\t\t\t\t\t\t\t\t\t\t\t\t\t\t\t<img decoding=\"async\" width=\"732\" height=\"1024\" src=\"https:\/\/www.vildbjerg-cup.dk\/wp-content\/uploads\/2021\/11\/010-732x1024.jpg\" class=\"attachment-large size-large wp-image-2471\" alt=\"Vildbjerg Cup Brasilien\" srcset=\"https:\/\/www.vildbjerg-cup.dk\/wp-content\/uploads\/2021\/11\/010-732x1024.jpg 732w, https:\/\/www.vildbjerg-cup.dk\/wp-content\/uploads\/2021\/11\/010-214x300.jpg 214w, https:\/\/www.vildbjerg-cup.dk\/wp-content\/uploads\/2021\/11\/010-768x1075.jpg 768w, https:\/\/www.vildbjerg-cup.dk\/wp-content\/uploads\/2021\/11\/010-1097x1536.jpg 1097w, https:\/\/www.vildbjerg-cup.dk\/wp-content\/uploads\/2021\/11\/010-1463x2048.jpg 1463w, https:\/\/www.vildbjerg-cup.dk\/wp-content\/uploads\/2021\/11\/010-9x12.jpg 9w, https:\/\/www.vildbjerg-cup.dk\/wp-content\/uploads\/2021\/11\/010.jpg 1701w\" sizes=\"(max-width: 732px) 100vw, 732px\" \/>\t\t\t\t\t\t\t\t\t\t\t\t\t\t\t<\/div>\n\t\t\t\t<\/div>\n\t\t\t\t\t<\/div>\n\t\t<\/div>\n\t\t\t\t\t<\/div>\n\t\t<\/section>\n\t\t\t\t<\/div>","protected":false},"excerpt":{"rendered":"<p>Velkommen! Vildbjerg Cup 2026 Fodboldglade drenge og piger fra danske og udenlandske klubber indbydes for 46. gang til at deltage i Danmarks vel nok mest traditionsrige fodboldst\u00e6vne og samtidig et af Europas st\u00f8rste fodboldturneringer for ungdom. Vildbjerg Cup er en oplagt optakt til den nye s\u00e6son. Vi udbyder i 2026 hele 45 forskellige spiller\u00e6kker og [&hellip;]<\/p>\n","protected":false},"author":6,"featured_media":0,"parent":0,"menu_order":0,"comment_status":"closed","ping_status":"closed","template":"","meta":{"footnotes":""},"class_list":["post-2147","page","type-page","status-publish","hentry"],"acf":[],"_links":{"self":[{"href":"https:\/\/www.vildbjerg-cup.dk\/de\/wp-json\/wp\/v2\/pages\/2147","targetHints":{"allow":["GET"]}}],"collection":[{"href":"https:\/\/www.vildbjerg-cup.dk\/de\/wp-json\/wp\/v2\/pages"}],"about":[{"href":"https:\/\/www.vildbjerg-cup.dk\/de\/wp-json\/wp\/v2\/types\/page"}],"author":[{"embeddable":true,"href":"https:\/\/www.vildbjerg-cup.dk\/de\/wp-json\/wp\/v2\/users\/6"}],"replies":[{"embeddable":true,"href":"https:\/\/www.vildbjerg-cup.dk\/de\/wp-json\/wp\/v2\/comments?post=2147"}],"version-history":[{"count":54,"href":"https:\/\/www.vildbjerg-cup.dk\/de\/wp-json\/wp\/v2\/pages\/2147\/revisions"}],"predecessor-version":[{"id":4885,"href":"https:\/\/www.vildbjerg-cup.dk\/de\/wp-json\/wp\/v2\/pages\/2147\/revisions\/4885"}],"wp:attachment":[{"href":"https:\/\/www.vildbjerg-cup.dk\/de\/wp-json\/wp\/v2\/media?parent=2147"}],"curies":[{"name":"wp","href":"https:\/\/api.w.org\/{rel}","templated":true}]}}