{"id":2165,"date":"2021-10-07T15:09:38","date_gmt":"2021-10-07T13:09:38","guid":{"rendered":"https:\/\/vildbjerg.kameli.dk\/?page_id=2165"},"modified":"2025-11-04T15:48:35","modified_gmt":"2025-11-04T14:48:35","slug":"turneringsform","status":"publish","type":"page","link":"https:\/\/www.vildbjerg-cup.dk\/de\/turnierablauf\/","title":{"rendered":"Turnierablauf"},"content":{"rendered":"<div data-elementor-type=\"wp-page\" data-elementor-id=\"2165\" class=\"elementor elementor-2165\" data-elementor-post-type=\"page\">\n\t\t\t\t\t\t<section class=\"elementor-section elementor-top-section elementor-element elementor-element-6285b948 elementor-section-height-min-height elementor-section-items-bottom elementor-section-boxed elementor-section-height-default\" data-id=\"6285b948\" data-element_type=\"section\" data-e-type=\"section\" data-settings=\"{&quot;background_background&quot;:&quot;classic&quot;}\">\n\t\t\t\t\t\t<div class=\"elementor-container elementor-column-gap-default\">\n\t\t\t\t\t<div class=\"elementor-column elementor-col-100 elementor-top-column elementor-element elementor-element-22d3d648\" data-id=\"22d3d648\" data-element_type=\"column\" data-e-type=\"column\">\n\t\t\t<div class=\"elementor-widget-wrap elementor-element-populated\">\n\t\t\t\t\t\t<div class=\"elementor-element elementor-element-74c02005 elementor-widget__width-auto elementor-widget elementor-widget-heading\" data-id=\"74c02005\" data-element_type=\"widget\" data-e-type=\"widget\" data-widget_type=\"heading.default\">\n\t\t\t\t<div class=\"elementor-widget-container\">\n\t\t\t\t\t<h1 class=\"elementor-heading-title elementor-size-default\">Turnierablauf<\/h1>\t\t\t\t<\/div>\n\t\t\t\t<\/div>\n\t\t\t\t<div class=\"elementor-element elementor-element-41688bd5 elementor-widget elementor-widget-spacer\" data-id=\"41688bd5\" data-element_type=\"widget\" data-e-type=\"widget\" data-widget_type=\"spacer.default\">\n\t\t\t\t<div class=\"elementor-widget-container\">\n\t\t\t\t\t\t\t<div class=\"elementor-spacer\">\n\t\t\t<div class=\"elementor-spacer-inner\"><\/div>\n\t\t<\/div>\n\t\t\t\t\t\t<\/div>\n\t\t\t\t<\/div>\n\t\t\t\t\t<\/div>\n\t\t<\/div>\n\t\t\t\t\t<\/div>\n\t\t<\/section>\n\t\t\t\t<section class=\"elementor-section elementor-top-section elementor-element elementor-element-36b4f6e1 elementor-section-boxed elementor-section-height-default elementor-section-height-default\" data-id=\"36b4f6e1\" data-element_type=\"section\" data-e-type=\"section\">\n\t\t\t\t\t\t<div class=\"elementor-container elementor-column-gap-default\">\n\t\t\t\t\t<div class=\"elementor-column elementor-col-50 elementor-top-column elementor-element elementor-element-224ca28b\" data-id=\"224ca28b\" data-element_type=\"column\" data-e-type=\"column\">\n\t\t\t<div class=\"elementor-widget-wrap elementor-element-populated\">\n\t\t\t\t\t\t<div class=\"elementor-element elementor-element-7971077b elementor-widget elementor-widget-text-editor\" data-id=\"7971077b\" data-element_type=\"widget\" data-e-type=\"widget\" data-widget_type=\"text-editor.default\">\n\t\t\t\t<div class=\"elementor-widget-container\">\n\t\t\t\t\t\t\t\t\t<p>Vildbjerg Cup ist von FIFA genehmigt.\u00a0<br \/><span style=\"color: var( --e-global-color-text ); font-family: var( --e-global-typography-3ad2672-font-family ), Sans-serif; font-size: var( --e-global-typography-3ad2672-font-size ); font-weight: var( --e-global-typography-3ad2672-font-weight ); letter-spacing: var( --e-global-typography-3ad2672-letter-spacing );\">Se s\u00e6rregler her ift. tidsbegr\u00e6nset udvisning, straffesparkskonkurrence osv.<\/span><\/p><p>Ein Spieler darf nur auf einer Mannschaftskarte aufgef\u00fchrt sein. <span style=\"text-decoration: underline;\"><strong>ikke<\/strong><\/span> dispensationer til at spille p\u00e5 flere hold.<\/p><p>Alle hold skal udfylde et elektronisk holdkort i tilmeldingssystemet, som skal v\u00e6re indtastet senest torsdag d. 30. juli kl. 12.00.\u00a0<\/p><p>Vildbjerg Cup wird in 2 Runden abgewickelt. In den Vorrunden wird in Gruppen von 4 (oder 5) Mannschaften gespielt, jeder spielt gegen jeden. Die beiden erstplatzierten Mannschaften einer jeden Gruppe kommen in die Endrunde weiter, die nach dem Cup-System ausgetragen wird, d.h. nach einem verlorenen Spiel scheidet die Mannschaft aus dem Turnier aus.\nDie anderen Mannschaften spielen in dem B-Finalen weiter, das ebenfalls nach dem Cup-System durchgef\u00fchrt wird.<\/p><p><strong><br \/>Anzahl der Spieler:<\/strong><br \/><span style=\"color: var( --e-global-color-text ); font-family: var( --e-global-typography-3ad2672-font-family ), Sans-serif; font-size: var( --e-global-typography-3ad2672-font-size ); font-weight: var( --e-global-typography-3ad2672-font-weight ); letter-spacing: var( --e-global-typography-3ad2672-letter-spacing );\">5er Mannschaft<\/span> <span style=\"color: var( --e-global-color-text ); font-family: var( --e-global-typography-3ad2672-font-family ), Sans-serif; font-size: var( --e-global-typography-3ad2672-font-size ); font-weight: var( --e-global-typography-3ad2672-font-weight ); letter-spacing: var( --e-global-typography-3ad2672-letter-spacing );\">max. 8 Spielern pro Spiel<br \/><\/span><span style=\"color: var( --e-global-color-text ); font-family: var( --e-global-typography-3ad2672-font-family ), Sans-serif; font-size: var( --e-global-typography-3ad2672-font-size ); font-weight: var( --e-global-typography-3ad2672-font-weight ); letter-spacing: var( --e-global-typography-3ad2672-letter-spacing );\">8er Mannschaft<\/span> <span style=\"color: var( --e-global-color-text ); font-family: var( --e-global-typography-3ad2672-font-family ), Sans-serif; font-size: var( --e-global-typography-3ad2672-font-size ); font-weight: var( --e-global-typography-3ad2672-font-weight ); letter-spacing: var( --e-global-typography-3ad2672-letter-spacing );\">max. 12 Spielern pro Spiel<br \/><\/span><span style=\"color: var( --e-global-color-text ); font-family: var( --e-global-typography-3ad2672-font-family ), Sans-serif; font-size: var( --e-global-typography-3ad2672-font-size ); font-weight: var( --e-global-typography-3ad2672-font-weight ); letter-spacing: var( --e-global-typography-3ad2672-letter-spacing );\">11er Mannschaft:<\/span> <span style=\"color: var( --e-global-color-text ); font-family: var( --e-global-typography-3ad2672-font-family ), Sans-serif; font-size: var( --e-global-typography-3ad2672-font-size ); font-weight: var( --e-global-typography-3ad2672-font-weight ); letter-spacing: var( --e-global-typography-3ad2672-letter-spacing );\">max. 16 Spielern pro Spiel<\/span><\/p><p>Auswechselspieler d\u00fcrfen w\u00e4hrend des Spiels frei eingesetzt werden.<\/p>\t\t\t\t\t\t\t\t<\/div>\n\t\t\t\t<\/div>\n\t\t\t\t\t<\/div>\n\t\t<\/div>\n\t\t\t\t<div class=\"elementor-column elementor-col-50 elementor-top-column elementor-element elementor-element-7b2b1a5b\" data-id=\"7b2b1a5b\" data-element_type=\"column\" data-e-type=\"column\">\n\t\t\t<div class=\"elementor-widget-wrap elementor-element-populated\">\n\t\t\t\t\t\t<section class=\"elementor-section elementor-inner-section elementor-element elementor-element-590f000 elementor-section-boxed elementor-section-height-default elementor-section-height-default\" data-id=\"590f000\" data-element_type=\"section\" data-e-type=\"section\" data-settings=\"{&quot;background_background&quot;:&quot;classic&quot;}\">\n\t\t\t\t\t\t<div class=\"elementor-container elementor-column-gap-default\">\n\t\t\t\t\t<div class=\"elementor-column elementor-col-100 elementor-inner-column elementor-element elementor-element-4a55b66e\" data-id=\"4a55b66e\" data-element_type=\"column\" data-e-type=\"column\">\n\t\t\t<div class=\"elementor-widget-wrap elementor-element-populated\">\n\t\t\t\t\t\t<div class=\"elementor-element elementor-element-2d934f0a elementor-widget elementor-widget-heading\" data-id=\"2d934f0a\" data-element_type=\"widget\" data-e-type=\"widget\" data-widget_type=\"heading.default\">\n\t\t\t\t<div class=\"elementor-widget-container\">\n\t\t\t\t\t<h4 class=\"elementor-heading-title elementor-size-default\">Turnierleitung<\/h4>\t\t\t\t<\/div>\n\t\t\t\t<\/div>\n\t\t\t\t<div class=\"elementor-element elementor-element-6f72cea2 elementor-widget elementor-widget-text-editor\" data-id=\"6f72cea2\" data-element_type=\"widget\" data-e-type=\"widget\" data-widget_type=\"text-editor.default\">\n\t\t\t\t<div class=\"elementor-widget-container\">\n\t\t\t\t\t\t\t\t\t<p>Das Turnierb\u00fcro ist w\u00e4hrend des Vildbjerg Cups ganzt\u00e4gig ge\u00f6ffnet. Bei Fragen zu Turnier, Regeln, Ergebnissen etc. bitte vorbeischauen.<\/p>\n<p><span style=\"color: var( --e-global-color-text );\"><strong>Telefonnummer under Vildbjerg Cup:<\/strong><br><\/span><span style=\"color: var( --e-global-color-text );\">+45 9713 3820<br>Tryk 1 for St\u00e6vnekontoret.<br><br><\/span><\/p>\n<p>Anfragen vor und nach dem Vildbjerg Cup sind an das Vildbjerg Cup B\u00fcro zu richten. +45 9713 3820 oder info@vildbjerg-cup.dk<\/p>\t\t\t\t\t\t\t\t<\/div>\n\t\t\t\t<\/div>\n\t\t\t\t\t<\/div>\n\t\t<\/div>\n\t\t\t\t\t<\/div>\n\t\t<\/section>\n\t\t\t\t\t<\/div>\n\t\t<\/div>\n\t\t\t\t\t<\/div>\n\t\t<\/section>\n\t\t\t\t<\/div>","protected":false},"excerpt":{"rendered":"<p>Turneringsform Vildbjerg Cup spilles efter Fodboldloven (FIFA Laws of the Game).\u00a0Se s\u00e6rregler her ift. tidsbegr\u00e6nset udvisning, straffesparkskonkurrence osv. En spiller m\u00e5 kun v\u00e6re p\u00e5f\u00f8rt \u00e9t holdkort &#8211; og dermed ogs\u00e5 kun spille p\u00e5 \u00e9t hold under Vildbjerg Cup. Der gives ikke dispensationer til at spille p\u00e5 flere hold. Alle hold skal udfylde et elektronisk holdkort [&hellip;]<\/p>\n","protected":false},"author":6,"featured_media":0,"parent":0,"menu_order":0,"comment_status":"closed","ping_status":"closed","template":"","meta":{"footnotes":""},"class_list":["post-2165","page","type-page","status-publish","hentry"],"acf":[],"_links":{"self":[{"href":"https:\/\/www.vildbjerg-cup.dk\/de\/wp-json\/wp\/v2\/pages\/2165","targetHints":{"allow":["GET"]}}],"collection":[{"href":"https:\/\/www.vildbjerg-cup.dk\/de\/wp-json\/wp\/v2\/pages"}],"about":[{"href":"https:\/\/www.vildbjerg-cup.dk\/de\/wp-json\/wp\/v2\/types\/page"}],"author":[{"embeddable":true,"href":"https:\/\/www.vildbjerg-cup.dk\/de\/wp-json\/wp\/v2\/users\/6"}],"replies":[{"embeddable":true,"href":"https:\/\/www.vildbjerg-cup.dk\/de\/wp-json\/wp\/v2\/comments?post=2165"}],"version-history":[{"count":72,"href":"https:\/\/www.vildbjerg-cup.dk\/de\/wp-json\/wp\/v2\/pages\/2165\/revisions"}],"predecessor-version":[{"id":4882,"href":"https:\/\/www.vildbjerg-cup.dk\/de\/wp-json\/wp\/v2\/pages\/2165\/revisions\/4882"}],"wp:attachment":[{"href":"https:\/\/www.vildbjerg-cup.dk\/de\/wp-json\/wp\/v2\/media?parent=2165"}],"curies":[{"name":"wp","href":"https:\/\/api.w.org\/{rel}","templated":true}]}}