{"id":2882,"date":"2022-04-25T14:50:37","date_gmt":"2022-04-25T12:50:37","guid":{"rendered":"https:\/\/www.vildbjerg-cup.dk\/?page_id=2882"},"modified":"2026-05-05T13:53:23","modified_gmt":"2026-05-05T11:53:23","slug":"spiller-soeger-hold","status":"publish","type":"page","link":"https:\/\/www.vildbjerg-cup.dk\/de\/spiller-soeger-hold\/","title":{"rendered":"Spillere s\u00f8ger hold"},"content":{"rendered":"<div data-elementor-type=\"wp-page\" data-elementor-id=\"2882\" class=\"elementor elementor-2882\" data-elementor-post-type=\"page\">\n\t\t\t\t\t\t<section class=\"elementor-section elementor-top-section elementor-element elementor-element-64c92edb elementor-section-height-min-height elementor-section-items-bottom elementor-section-boxed elementor-section-height-default\" data-id=\"64c92edb\" data-element_type=\"section\" data-e-type=\"section\" data-settings=\"{&quot;background_background&quot;:&quot;classic&quot;}\">\n\t\t\t\t\t\t\t<div class=\"elementor-background-overlay\"><\/div>\n\t\t\t\t\t\t\t<div class=\"elementor-container elementor-column-gap-default\">\n\t\t\t\t\t<div class=\"elementor-column elementor-col-100 elementor-top-column elementor-element elementor-element-2aa674d8\" data-id=\"2aa674d8\" data-element_type=\"column\" data-e-type=\"column\">\n\t\t\t<div class=\"elementor-widget-wrap elementor-element-populated\">\n\t\t\t\t\t\t<div class=\"elementor-element elementor-element-43fa763c elementor-widget__width-auto elementor-widget elementor-widget-heading\" data-id=\"43fa763c\" data-element_type=\"widget\" data-e-type=\"widget\" data-widget_type=\"heading.default\">\n\t\t\t\t<div class=\"elementor-widget-container\">\n\t\t\t\t\t<h1 class=\"elementor-heading-title elementor-size-default\">Spillere s\u00f8ger hold<\/h1>\t\t\t\t<\/div>\n\t\t\t\t<\/div>\n\t\t\t\t<div class=\"elementor-element elementor-element-136e3ac2 elementor-widget elementor-widget-spacer\" data-id=\"136e3ac2\" data-element_type=\"widget\" data-e-type=\"widget\" data-widget_type=\"spacer.default\">\n\t\t\t\t<div class=\"elementor-widget-container\">\n\t\t\t\t\t\t\t<div class=\"elementor-spacer\">\n\t\t\t<div class=\"elementor-spacer-inner\"><\/div>\n\t\t<\/div>\n\t\t\t\t\t\t<\/div>\n\t\t\t\t<\/div>\n\t\t\t\t\t<\/div>\n\t\t<\/div>\n\t\t\t\t\t<\/div>\n\t\t<\/section>\n\t\t\t\t<section class=\"elementor-section elementor-top-section elementor-element elementor-element-4d1d9aa3 elementor-section-boxed elementor-section-height-default elementor-section-height-default\" data-id=\"4d1d9aa3\" data-element_type=\"section\" data-e-type=\"section\">\n\t\t\t\t\t\t<div class=\"elementor-container elementor-column-gap-default\">\n\t\t\t\t\t<div class=\"elementor-column elementor-col-100 elementor-top-column elementor-element elementor-element-1f421682\" data-id=\"1f421682\" data-element_type=\"column\" data-e-type=\"column\">\n\t\t\t<div class=\"elementor-widget-wrap elementor-element-populated\">\n\t\t\t\t\t\t<div class=\"elementor-element elementor-element-799a2383 elementor-widget__width-initial elementor-widget elementor-widget-text-editor\" data-id=\"799a2383\" data-element_type=\"widget\" data-e-type=\"widget\" data-widget_type=\"text-editor.default\">\n\t\t\t\t<div class=\"elementor-widget-container\">\n\t\t\t\t\t\t\t\t\t<p><strong>Send en mail til info@vildbjerg-cup.dk hvis du s\u00f8ger et hold til Vildbjerg Cup 2026.<\/strong><\/p><p><strong>\u00a0<\/strong><\/p><p>Min s\u00f8n Asger fra \u00e5rgang 2014 s\u00f8ger et hold til Vildbjerg Cup. Han spiller normalt A i Aarhus og kan spille alle positioner men foretr\u00e6kker offensiv midtbane eller angriber.<\/p><p>Kontakt: Klaus Uls\u00f8e &#8211; 26304852 &#8211; kkulsoe@gmail.com<\/p><p>&#8212;&#8211;<\/p><p>Aksel f\u00f8dt 2017 er i Vildbjerg og ser p\u00e5 broren og vil gjerne ogs\u00e5 spille, hvis et lag trenger flere spillere. Han er en god spiller som vil forsterke de fleste lag og kan spille alle posisjoner, ogs\u00e5 et \u00e5r opp i 2016.<\/p><p>Kontakt: Snorre Gr\u00f8nnings\u00e6ter &#8211; snorregr@gmail.com<\/p><p>&#8212;&#8211;<\/p><p>2 drenge fra \u00e5rgang 2012 s\u00f8ger hold (Helst samme hold), spiller normalt liga 3.<br \/>Sigurd &#8211; Spiller kant eller Angriber- <br \/>Asger &#8211; Center forsvar, eller p\u00e5 kanterne i forsvaret \/ midtbanen.<br \/>Begge spiller med god forst\u00e5else og fart i benene. Gode drenge der hurtigt falder ind i gruppen.<br \/>Kontakt: Jonas tlf. 43143031<\/p><p>&#8212;&#8211;<\/p><p><br \/>Min s\u00f8n Mikiel vil gerne til Vildbjerg cup i \u00e5r, men mangler et hold. Han er \u00e5rg. 2012og er en dedikeret m\u00e5lmand \u2013 til daglig for et Liga 3 hold.<\/p><p>De seneste tre \u00e5r har han spillet til Vildbjerg Cup, med to forskellige hold der manglede en m\u00e5lmand \u2013 hvor han fik god ros for sin deltagelse. S\u00e5 han er vant til at spille for nye hold hvor han ikke kender nogen fra start. Det vigtigste for ham er at komme ud og spille en masse fodbold sammen med et hold der er liges\u00e5 motiveret for at spille fodbold som han selv er.<\/p><p>Han er ikke nerv\u00f8s for evt. at spille p\u00e5 en \u00e6ldre \u00e5rgang \u2013 hvis det er det der skal til for at han kan komme til Vildbjerg Cup igen i \u00e5r.<\/p><p>I kan fange mig p\u00e5 mail \u2013 mtlkanin@gmail.com hvis i mangler en m\u00e5lmand.<\/p><p>&#8212;&#8211;<\/p><p>Min s\u00f8nn Tage f.2014 s\u00f8ker lag til Vildbjerg Cup. Fleksibel og god spiller.<\/p><p>kontakt Kjetil Kleiven +47 41289966 Mail. kleiven66@hotmail.com<\/p><p>&#8212;&#8211;<\/p><p>Min s\u00f8nn Une f.2017 S\u00f8ker lag p\u00e5 Vildbjerg cup.<br \/>Fleksibel og god spiller.<\/p><p>kontakt Kjetil Kleiven +47 41289966 Mail. kleiven66@hotmail.com<\/p><p>&#8212;&#8211;<\/p><p>Yusuf fra \u00e5rgang 2016, s\u00f8ger et hold &#8211; da hans eget hold desv\u00e6rre ikke deltager.\u00a0<\/p><p>Han spiller normalt A\/A+ i hans egen klub i Odense, men er \u00e5ben for alt &#8211; for en god oplevelse! Han deltog blandt andet sidste \u00e5r, hvor han hjalp et 2015 hold.<\/p><p>Skriv gerne p\u00e5: 71408102 eller pr. mail: aishaderosas@gmail.com<\/p><p>&#8212;&#8211;<\/p><p>Min datter p\u00e5 10 \u00e5r (2015) s\u00f8ker lag ifm. Vildbjerg Cup.<\/p><p>Kontakt: Arne Hauge &#8211; mobil +47 900 73 194 &#8211; mail: arne-hauge@lyse.net<\/p><p>&#8212;&#8211;<\/p><p>Lea Skovbjerg s\u00f8ger et U13 (2014) pigehold. Lea spiller til dagligt i Gug Boldklub hvor deres hold er tilmeldt i drenger\u00e6kken A2. Samtidig spiller Lea p\u00e5 Fortuna Hj\u00f8rrings talentakademi.<\/p><p>Lea spiller mest venstre kant, men kan ogs\u00e5 spille off. midt eller angriber.<\/p><p>Kontakt: Lasse Skovbjerg p\u00e5 tlf. 22449469 eller mail lasseskovbjerg@hotmail.com<\/p><p>&#8212;&#8211;<\/p><p>Noah Kurland s\u00f8ger et hold ifm. Vildbjerg Cup. Han spiller SU \u00e5rgang 2013, liga 3.\u00a0<br \/>Han er fra Lynge i Aller\u00f8d p\u00e5 Sj\u00e6lland.\u00a0<\/p><p>Kontakt: Therese Kurland mobil 26642208<\/p><div>\u00a0<\/div>\t\t\t\t\t\t\t\t<\/div>\n\t\t\t\t<\/div>\n\t\t\t\t\t<\/div>\n\t\t<\/div>\n\t\t\t\t\t<\/div>\n\t\t<\/section>\n\t\t\t\t<\/div>","protected":false},"excerpt":{"rendered":"<p>Spillere s\u00f8ger hold Send en mail til info@vildbjerg-cup.dk hvis du s\u00f8ger et hold til Vildbjerg Cup 2026. \u00a0 Min s\u00f8n Asger fra \u00e5rgang 2014 s\u00f8ger et hold til Vildbjerg Cup. Han spiller normalt A i Aarhus og kan spille alle positioner men foretr\u00e6kker offensiv midtbane eller angriber. Kontakt: Klaus Uls\u00f8e &#8211; 26304852 &#8211; kkulsoe@gmail.com &#8212;&#8211; [&hellip;]<\/p>\n","protected":false},"author":6,"featured_media":0,"parent":0,"menu_order":0,"comment_status":"closed","ping_status":"closed","template":"","meta":{"footnotes":""},"class_list":["post-2882","page","type-page","status-publish","hentry"],"acf":[],"_links":{"self":[{"href":"https:\/\/www.vildbjerg-cup.dk\/de\/wp-json\/wp\/v2\/pages\/2882","targetHints":{"allow":["GET"]}}],"collection":[{"href":"https:\/\/www.vildbjerg-cup.dk\/de\/wp-json\/wp\/v2\/pages"}],"about":[{"href":"https:\/\/www.vildbjerg-cup.dk\/de\/wp-json\/wp\/v2\/types\/page"}],"author":[{"embeddable":true,"href":"https:\/\/www.vildbjerg-cup.dk\/de\/wp-json\/wp\/v2\/users\/6"}],"replies":[{"embeddable":true,"href":"https:\/\/www.vildbjerg-cup.dk\/de\/wp-json\/wp\/v2\/comments?post=2882"}],"version-history":[{"count":487,"href":"https:\/\/www.vildbjerg-cup.dk\/de\/wp-json\/wp\/v2\/pages\/2882\/revisions"}],"predecessor-version":[{"id":5100,"href":"https:\/\/www.vildbjerg-cup.dk\/de\/wp-json\/wp\/v2\/pages\/2882\/revisions\/5100"}],"wp:attachment":[{"href":"https:\/\/www.vildbjerg-cup.dk\/de\/wp-json\/wp\/v2\/media?parent=2882"}],"curies":[{"name":"wp","href":"https:\/\/api.w.org\/{rel}","templated":true}]}}