{"id":2909,"date":"2022-04-25T15:19:34","date_gmt":"2022-04-25T13:19:34","guid":{"rendered":"https:\/\/www.vildbjerg-cup.dk\/?page_id=2909"},"modified":"2026-05-05T13:50:19","modified_gmt":"2026-05-05T11:50:19","slug":"hold-soeger-spillere","status":"publish","type":"page","link":"https:\/\/www.vildbjerg-cup.dk\/de\/hold-soeger-spillere\/","title":{"rendered":"Hold s\u00f8ger spillere"},"content":{"rendered":"<div data-elementor-type=\"wp-page\" data-elementor-id=\"2909\" class=\"elementor elementor-2909\" data-elementor-post-type=\"page\">\n\t\t\t\t\t\t<section class=\"elementor-section elementor-top-section elementor-element elementor-element-2d55e91d elementor-section-height-min-height elementor-section-items-bottom elementor-section-boxed elementor-section-height-default\" data-id=\"2d55e91d\" data-element_type=\"section\" data-e-type=\"section\" data-settings=\"{&quot;background_background&quot;:&quot;classic&quot;}\">\n\t\t\t\t\t\t\t<div class=\"elementor-background-overlay\"><\/div>\n\t\t\t\t\t\t\t<div class=\"elementor-container elementor-column-gap-default\">\n\t\t\t\t\t<div class=\"elementor-column elementor-col-100 elementor-top-column elementor-element elementor-element-2604d311\" data-id=\"2604d311\" data-element_type=\"column\" data-e-type=\"column\">\n\t\t\t<div class=\"elementor-widget-wrap elementor-element-populated\">\n\t\t\t\t\t\t<div class=\"elementor-element elementor-element-1295dbb8 elementor-widget__width-auto elementor-widget elementor-widget-heading\" data-id=\"1295dbb8\" data-element_type=\"widget\" data-e-type=\"widget\" data-widget_type=\"heading.default\">\n\t\t\t\t<div class=\"elementor-widget-container\">\n\t\t\t\t\t<h1 class=\"elementor-heading-title elementor-size-default\">Hold s\u00f8ger spillere<\/h1>\t\t\t\t<\/div>\n\t\t\t\t<\/div>\n\t\t\t\t<div class=\"elementor-element elementor-element-5ef8c2e4 elementor-widget elementor-widget-spacer\" data-id=\"5ef8c2e4\" data-element_type=\"widget\" data-e-type=\"widget\" data-widget_type=\"spacer.default\">\n\t\t\t\t<div class=\"elementor-widget-container\">\n\t\t\t\t\t\t\t<div class=\"elementor-spacer\">\n\t\t\t<div class=\"elementor-spacer-inner\"><\/div>\n\t\t<\/div>\n\t\t\t\t\t\t<\/div>\n\t\t\t\t<\/div>\n\t\t\t\t\t<\/div>\n\t\t<\/div>\n\t\t\t\t\t<\/div>\n\t\t<\/section>\n\t\t\t\t<section class=\"elementor-section elementor-top-section elementor-element elementor-element-489b596e elementor-section-boxed elementor-section-height-default elementor-section-height-default\" data-id=\"489b596e\" data-element_type=\"section\" data-e-type=\"section\">\n\t\t\t\t\t\t<div class=\"elementor-container elementor-column-gap-default\">\n\t\t\t\t\t<div class=\"elementor-column elementor-col-100 elementor-top-column elementor-element elementor-element-3eb52425\" data-id=\"3eb52425\" data-element_type=\"column\" data-e-type=\"column\">\n\t\t\t<div class=\"elementor-widget-wrap elementor-element-populated\">\n\t\t\t\t\t\t<div class=\"elementor-element elementor-element-46950cb8 elementor-widget elementor-widget-text-editor\" data-id=\"46950cb8\" data-element_type=\"widget\" data-e-type=\"widget\" data-widget_type=\"text-editor.default\">\n\t\t\t\t<div class=\"elementor-widget-container\">\n\t\t\t\t\t\t\t\t\t<p><strong>Send en mail til info@vildbjerg-cup.dk hvis I s\u00f8ger spillere til Vildbjerg Cup 2026.<\/strong><\/p>\n<p><strong>&nbsp;<\/strong><\/p>\n<p><em><strong>G\u00e6stespillere skal tilmeldes og betales for, p\u00e5 samme m\u00e5de som \u00f8vrige spillere. L\u00e5ner I spillere der kun spiller kampene og ikke skal overnatte samt have bespisning betales der 250 kr. pr. spiller. Info om det sendes p\u00e5 mail til os.<\/strong><\/em><\/p>\n<p><strong>&nbsp;<\/strong><\/p>\n<p>Svogerslev BK \u00e5rg. 2012 piger 8-mandsmangler et par spillere til Vildbjerg Cup.<\/p>\n<p>Har du lyst til at hj\u00e6lpe, s\u00e5 kontakt Jesper Schwartz p\u00e5 mobil 3136 6336 eller mail schwartz.jesper@gmail.com<\/p>\n<p>&#8212;&#8211;<\/p>\n<p>\u00d8rslev U9 piger s\u00f8ger 2-3 spiller. Vi er udadvendt og s\u00f8de piger som har det social godt. Vi er klar p\u00e5, at tage imod med \u00e5bne arme og f\u00e5 en fed fodbold oplevelse sammen.&nbsp;<\/p>\n<p>Kontakt er til Katrine Frederiksen p\u00e5 mail: katrineorslev@hmail.com s\u00e5 vil vi kunne fort\u00e6lle mere omkring vores hold.<\/p>\n<p>&#8212;&#8211;<\/p>\n<p>Aars IK U12 Piger efter 1-2 spillere fra \u00e5rgang 2015 til vores 8-mands hold til Vildbjerg Cup.<\/p>\n<p>Kontakt Peter R\u00f8nfeldt p\u00e5 peterronfeldt@icloud.com eller p\u00e5 tlf 21212532 for at h\u00f8re n\u00e6rmere.<\/p>\n<p>&#8212;&#8211;<\/p>\n<p>St\u00f8vring IF U16 (2011) drengehold s\u00f8ger en m\u00e5lmand.<\/p><p>Vi er et hold p\u00e5 13 drenge som er tilmeldt niveau 2 og mangler en m\u00e5lmand.<\/p>\n<p>Kontakt: Lasse Skovbjerg tlf. 22449469 eller mail lasseskovbjerg@hotmail.com<\/p>\n<p>&#8212;&#8211;<\/p>\n<p>Jeg er tr\u00e6ner for St\u00f8vrings U13 drenge (\u00e5rg. 2014) hold til Vildbjerg Cup. Vi tilmelder 2 hold &#8211; i hhv. niv. 2 og 3.<br>Vi kunne godt bruge 2-3 spillere mere, for at vi har udskiftere p\u00e5 begge hold.<\/p>\n<p>Kontakt: Brian Petersen, brianpetersen6@hotmail.com<\/p>\n<p>&#8212;&#8211;<\/p>\n<p>B73 U17 drenge (\u00e5rg. 2010) r\u00e6kke 2 s\u00f8ger spillere til vores hold. Vi er til Vildbjerg Cup med vores klub B.1973. Det er sidste \u00e5r vores \u00e5rgang kan v\u00e6re med, s\u00e5 vi h\u00e5ber vi kan stille hold. Derfor s\u00f8ger vi nogle markspillere.<\/p>\n<p>Kontakt holdleder Rasmus Faber p\u00e5 mobil 29499290 eller mail rfw@outlook.com<\/p>\n<p>&#8212;&#8211;<\/p>\n<p>Melby-Liseleje IF s\u00f8ger drengespillere i \u00e5rgang 2010. Vi er nogle friske drenge der mangler et par spillere til vort 8-mandshold til Vildbjerg Cup.<\/p>\n<p>Kontakt vor formand Kim Daugbjerg p\u00e5 mail kim@mli-fodbold.dk s\u00e5 vil vi kunne fort\u00e6lle mere omkring vort hold.<\/p>\n<div>&nbsp;<\/div>\t\t\t\t\t\t\t\t<\/div>\n\t\t\t\t<\/div>\n\t\t\t\t\t<\/div>\n\t\t<\/div>\n\t\t\t\t\t<\/div>\n\t\t<\/section>\n\t\t\t\t<\/div>","protected":false},"excerpt":{"rendered":"<p>Hold s\u00f8ger spillere Send en mail til info@vildbjerg-cup.dk hvis I s\u00f8ger spillere til Vildbjerg Cup 2026. &nbsp; G\u00e6stespillere skal tilmeldes og betales for, p\u00e5 samme m\u00e5de som \u00f8vrige spillere. L\u00e5ner I spillere der kun spiller kampene og ikke skal overnatte samt have bespisning betales der 250 kr. pr. spiller. Info om det sendes p\u00e5 mail [&hellip;]<\/p>\n","protected":false},"author":6,"featured_media":0,"parent":0,"menu_order":0,"comment_status":"closed","ping_status":"closed","template":"","meta":{"footnotes":""},"class_list":["post-2909","page","type-page","status-publish","hentry"],"acf":[],"_links":{"self":[{"href":"https:\/\/www.vildbjerg-cup.dk\/de\/wp-json\/wp\/v2\/pages\/2909","targetHints":{"allow":["GET"]}}],"collection":[{"href":"https:\/\/www.vildbjerg-cup.dk\/de\/wp-json\/wp\/v2\/pages"}],"about":[{"href":"https:\/\/www.vildbjerg-cup.dk\/de\/wp-json\/wp\/v2\/types\/page"}],"author":[{"embeddable":true,"href":"https:\/\/www.vildbjerg-cup.dk\/de\/wp-json\/wp\/v2\/users\/6"}],"replies":[{"embeddable":true,"href":"https:\/\/www.vildbjerg-cup.dk\/de\/wp-json\/wp\/v2\/comments?post=2909"}],"version-history":[{"count":444,"href":"https:\/\/www.vildbjerg-cup.dk\/de\/wp-json\/wp\/v2\/pages\/2909\/revisions"}],"predecessor-version":[{"id":5091,"href":"https:\/\/www.vildbjerg-cup.dk\/de\/wp-json\/wp\/v2\/pages\/2909\/revisions\/5091"}],"wp:attachment":[{"href":"https:\/\/www.vildbjerg-cup.dk\/de\/wp-json\/wp\/v2\/media?parent=2909"}],"curies":[{"name":"wp","href":"https:\/\/api.w.org\/{rel}","templated":true}]}}