{"id":82,"date":"2021-02-02T16:41:09","date_gmt":"2021-02-02T15:41:09","guid":{"rendered":"https:\/\/vildbjerg.kameli.dk\/?page_id=82"},"modified":"2025-11-04T15:37:22","modified_gmt":"2025-11-04T14:37:22","slug":"om-cuppen","status":"publish","type":"page","link":"https:\/\/www.vildbjerg-cup.dk\/de\/om-cuppen\/","title":{"rendered":"Vildbjerg Cup"},"content":{"rendered":"<div data-elementor-type=\"wp-page\" data-elementor-id=\"82\" class=\"elementor elementor-82\" data-elementor-post-type=\"page\">\n\t\t\t\t\t\t<section class=\"elementor-section elementor-top-section elementor-element elementor-element-91476da elementor-section-height-min-height elementor-section-items-bottom elementor-section-boxed elementor-section-height-default\" data-id=\"91476da\" data-element_type=\"section\" data-e-type=\"section\" data-settings=\"{&quot;background_background&quot;:&quot;classic&quot;}\">\n\t\t\t\t\t\t\t<div class=\"elementor-background-overlay\"><\/div>\n\t\t\t\t\t\t\t<div class=\"elementor-container elementor-column-gap-default\">\n\t\t\t\t\t<div class=\"elementor-column elementor-col-100 elementor-top-column elementor-element elementor-element-61141ee6\" data-id=\"61141ee6\" data-element_type=\"column\" data-e-type=\"column\">\n\t\t\t<div class=\"elementor-widget-wrap elementor-element-populated\">\n\t\t\t\t\t\t<div class=\"elementor-element elementor-element-31881466 elementor-widget__width-auto elementor-widget elementor-widget-heading\" data-id=\"31881466\" data-element_type=\"widget\" data-e-type=\"widget\" data-widget_type=\"heading.default\">\n\t\t\t\t<div class=\"elementor-widget-container\">\n\t\t\t\t\t<h1 class=\"elementor-heading-title elementor-size-default\">Vildbjerg Cup<\/h1>\t\t\t\t<\/div>\n\t\t\t\t<\/div>\n\t\t\t\t<div class=\"elementor-element elementor-element-63038029 elementor-widget elementor-widget-spacer\" data-id=\"63038029\" data-element_type=\"widget\" data-e-type=\"widget\" data-widget_type=\"spacer.default\">\n\t\t\t\t<div class=\"elementor-widget-container\">\n\t\t\t\t\t\t\t<div class=\"elementor-spacer\">\n\t\t\t<div class=\"elementor-spacer-inner\"><\/div>\n\t\t<\/div>\n\t\t\t\t\t\t<\/div>\n\t\t\t\t<\/div>\n\t\t\t\t\t<\/div>\n\t\t<\/div>\n\t\t\t\t\t<\/div>\n\t\t<\/section>\n\t\t\t\t<section class=\"elementor-section elementor-top-section elementor-element elementor-element-b33c654 elementor-section-boxed elementor-section-height-default elementor-section-height-default\" data-id=\"b33c654\" data-element_type=\"section\" data-e-type=\"section\">\n\t\t\t\t\t\t<div class=\"elementor-container elementor-column-gap-default\">\n\t\t\t\t\t<div class=\"elementor-column elementor-col-50 elementor-top-column elementor-element elementor-element-8fa0744\" data-id=\"8fa0744\" data-element_type=\"column\" data-e-type=\"column\">\n\t\t\t<div class=\"elementor-widget-wrap elementor-element-populated\">\n\t\t\t\t\t\t<div class=\"elementor-element elementor-element-9a38587 elementor-widget elementor-widget-text-editor\" data-id=\"9a38587\" data-element_type=\"widget\" data-e-type=\"widget\" data-widget_type=\"text-editor.default\">\n\t\t\t\t<div class=\"elementor-widget-container\">\n\t\t\t\t\t\t\t\t\t<p>Vildbjerg Cup ist ein internationals Fu\u00dfballturnier f\u00fcr M\u00e4dchen und Jungen zwischen 7 und 17 Jahre alt.<\/p><p>Historien str\u00e6kker sig helt tilbage til 1979 og Vildbjerg Cup afvikles derfor i 2026 for 46. gang (aflyst i 2020 og 2021 pga. COVID-19). Normalt har vi bes\u00f8g af ca. 625-650 hold, ca. 9.500 spillere, ledere og tr\u00e6nere og derudover er der ca. 9.000 for\u00e6ldre, s\u00f8skende og andre supportere indkvarteret p\u00e5 Vildbjerg Cups campingpladser og p\u00e5 hoteller og vandrerhjem i lokalomr\u00e5det. Dette g\u00f8r Vildbjerg Cup til en af Europas st\u00f8rste fodboldturneringer for ungdomshold og til et at de allerst\u00f8rste idr\u00e6tsarrangementer i Danmark.<\/p><p>Fodboldspillet er i h\u00f8js\u00e6det, men det sociale og de mange forskellige fritidsaktiviter v\u00e6gter ogs\u00e5 h\u00f8jt. Kampene afvikles p\u00e5 Danmarks vel nok bedste fodboldbaner ved Vildbjerg Sports- &amp; Kulturcenter. I l\u00f8bet af de fire dage, afvikles der ca. 2.000 fodboldkampe p\u00e5 44 fantastisk velholdte gr\u00e6sbaner og alle kampe d\u00f8mmes af veluddannede fodbolddommere fra hele Danmark og flere andre lande.<\/p><p>Die internationale Stimmung regt zum gem\u00fctlichen Beisammensein zwischen den Spielen an, auf den Campingpl\u00e4tzen , zum Spa\u00df in der Schwimmhalle und zu neuen Bekanntschaften bei Open Air Disko.\u00a0<span style=\"color: var( --e-global-color-text ); font-family: var( --e-global-typography-3ad2672-font-family ), Sans-serif; font-size: var( --e-global-typography-3ad2672-font-size ); font-weight: var( --e-global-typography-3ad2672-font-weight ); letter-spacing: var( --e-global-typography-3ad2672-letter-spacing );\">sjov og leg i sv\u00f8mmehallen<\/span><span style=\"color: var( --e-global-color-text ); font-family: var( --e-global-typography-3ad2672-font-family ), Sans-serif; font-size: var( --e-global-typography-3ad2672-font-size ); font-weight: var( --e-global-typography-3ad2672-font-weight ); letter-spacing: var( --e-global-typography-3ad2672-letter-spacing );\">, i Hop &amp; Rul legelandet og p\u00e5 Eventpladsen, samt en k\u00e6mpe fest til det store Open Air diskotek. Her skabes nye venskaber og giver deltagerne lyst til at komme igen \u00e5r efter \u00e5r!<\/span><\/p>\t\t\t\t\t\t\t\t<\/div>\n\t\t\t\t<\/div>\n\t\t\t\t\t<\/div>\n\t\t<\/div>\n\t\t\t\t<div class=\"elementor-column elementor-col-50 elementor-top-column elementor-element elementor-element-81b3862\" data-id=\"81b3862\" data-element_type=\"column\" data-e-type=\"column\">\n\t\t\t<div class=\"elementor-widget-wrap elementor-element-populated\">\n\t\t\t\t\t\t<div class=\"elementor-element elementor-element-dd1b2ba elementor-hidden-phone elementor-widget elementor-widget-image\" data-id=\"dd1b2ba\" data-element_type=\"widget\" data-e-type=\"widget\" data-widget_type=\"image.default\">\n\t\t\t\t<div class=\"elementor-widget-container\">\n\t\t\t\t\t\t\t\t\t\t\t\t<figure class=\"wp-caption\">\n\t\t\t\t\t\t\t\t\t\t<img fetchpriority=\"high\" decoding=\"async\" width=\"683\" height=\"1024\" src=\"https:\/\/www.vildbjerg-cup.dk\/wp-content\/uploads\/2021\/03\/praemier5-683x1024.jpg\" class=\"attachment-large size-large wp-image-2117\" alt=\"Vildbjerg Cup pr\u00e6mier 5\" srcset=\"https:\/\/www.vildbjerg-cup.dk\/wp-content\/uploads\/2021\/03\/praemier5-683x1024.jpg 683w, https:\/\/www.vildbjerg-cup.dk\/wp-content\/uploads\/2021\/03\/praemier5-200x300.jpg 200w, https:\/\/www.vildbjerg-cup.dk\/wp-content\/uploads\/2021\/03\/praemier5-768x1152.jpg 768w, https:\/\/www.vildbjerg-cup.dk\/wp-content\/uploads\/2021\/03\/praemier5-1024x1536.jpg 1024w, https:\/\/www.vildbjerg-cup.dk\/wp-content\/uploads\/2021\/03\/praemier5-1365x2048.jpg 1365w, https:\/\/www.vildbjerg-cup.dk\/wp-content\/uploads\/2021\/03\/praemier5-8x12.jpg 8w, https:\/\/www.vildbjerg-cup.dk\/wp-content\/uploads\/2021\/03\/praemier5-scaled.jpg 1707w\" sizes=\"(max-width: 683px) 100vw, 683px\" \/>\t\t\t\t\t\t\t\t\t\t\t<figcaption class=\"widget-image-caption wp-caption-text\"><\/figcaption>\n\t\t\t\t\t\t\t\t\t\t<\/figure>\n\t\t\t\t\t\t\t\t\t<\/div>\n\t\t\t\t<\/div>\n\t\t\t\t\t<\/div>\n\t\t<\/div>\n\t\t\t\t\t<\/div>\n\t\t<\/section>\n\t\t\t\t<\/div>","protected":false},"excerpt":{"rendered":"<p>Om Vildbjerg Cup Vildbjerg Cup er en international fodboldturnering for piger og drenge i alderen 7-17 \u00e5r. Historien str\u00e6kker sig helt tilbage til 1979 og Vildbjerg Cup afvikles derfor i 2026 for 46. gang (aflyst i 2020 og 2021 pga. COVID-19). Normalt har vi bes\u00f8g af ca. 625-650 hold, ca. 9.500 spillere, ledere og tr\u00e6nere [&hellip;]<\/p>\n","protected":false},"author":2,"featured_media":0,"parent":0,"menu_order":0,"comment_status":"closed","ping_status":"closed","template":"","meta":{"footnotes":""},"class_list":["post-82","page","type-page","status-publish","hentry"],"acf":[],"_links":{"self":[{"href":"https:\/\/www.vildbjerg-cup.dk\/de\/wp-json\/wp\/v2\/pages\/82","targetHints":{"allow":["GET"]}}],"collection":[{"href":"https:\/\/www.vildbjerg-cup.dk\/de\/wp-json\/wp\/v2\/pages"}],"about":[{"href":"https:\/\/www.vildbjerg-cup.dk\/de\/wp-json\/wp\/v2\/types\/page"}],"author":[{"embeddable":true,"href":"https:\/\/www.vildbjerg-cup.dk\/de\/wp-json\/wp\/v2\/users\/2"}],"replies":[{"embeddable":true,"href":"https:\/\/www.vildbjerg-cup.dk\/de\/wp-json\/wp\/v2\/comments?post=82"}],"version-history":[{"count":125,"href":"https:\/\/www.vildbjerg-cup.dk\/de\/wp-json\/wp\/v2\/pages\/82\/revisions"}],"predecessor-version":[{"id":4866,"href":"https:\/\/www.vildbjerg-cup.dk\/de\/wp-json\/wp\/v2\/pages\/82\/revisions\/4866"}],"wp:attachment":[{"href":"https:\/\/www.vildbjerg-cup.dk\/de\/wp-json\/wp\/v2\/media?parent=82"}],"curies":[{"name":"wp","href":"https:\/\/api.w.org\/{rel}","templated":true}]}}