{"id":1995,"date":"2021-03-03T13:31:44","date_gmt":"2021-03-03T12:31:44","guid":{"rendered":"https:\/\/vildbjerg.kameli.dk\/?page_id=1995"},"modified":"2021-11-30T15:51:55","modified_gmt":"2021-11-30T14:51:55","slug":"teltbyen","status":"publish","type":"page","link":"https:\/\/www.vildbjerg-cup.dk\/en\/teltbyen\/","title":{"rendered":"Tent city accommodation"},"content":{"rendered":"<div data-elementor-type=\"wp-page\" data-elementor-id=\"1995\" class=\"elementor elementor-1995\" data-elementor-post-type=\"page\">\n\t\t\t\t\t\t<section class=\"elementor-section elementor-top-section elementor-element elementor-element-15aaf8b8 elementor-section-height-min-height elementor-section-items-bottom elementor-section-boxed elementor-section-height-default\" data-id=\"15aaf8b8\" data-element_type=\"section\" data-e-type=\"section\" data-settings=\"{&quot;background_background&quot;:&quot;classic&quot;}\">\n\t\t\t\t\t\t<div class=\"elementor-container elementor-column-gap-default\">\n\t\t\t\t\t<div class=\"elementor-column elementor-col-100 elementor-top-column elementor-element elementor-element-d0c70ab\" data-id=\"d0c70ab\" data-element_type=\"column\" data-e-type=\"column\">\n\t\t\t<div class=\"elementor-widget-wrap elementor-element-populated\">\n\t\t\t\t\t\t<div class=\"elementor-element elementor-element-30159911 elementor-widget__width-auto elementor-widget elementor-widget-heading\" data-id=\"30159911\" data-element_type=\"widget\" data-e-type=\"widget\" data-widget_type=\"heading.default\">\n\t\t\t\t<div class=\"elementor-widget-container\">\n\t\t\t\t\t<h1 class=\"elementor-heading-title elementor-size-default\">Tent city accommodation<\/h1>\t\t\t\t<\/div>\n\t\t\t\t<\/div>\n\t\t\t\t<div class=\"elementor-element elementor-element-24d23ecc elementor-widget elementor-widget-spacer\" data-id=\"24d23ecc\" data-element_type=\"widget\" data-e-type=\"widget\" data-widget_type=\"spacer.default\">\n\t\t\t\t<div class=\"elementor-widget-container\">\n\t\t\t\t\t\t\t<div class=\"elementor-spacer\">\n\t\t\t<div class=\"elementor-spacer-inner\"><\/div>\n\t\t<\/div>\n\t\t\t\t\t\t<\/div>\n\t\t\t\t<\/div>\n\t\t\t\t\t<\/div>\n\t\t<\/div>\n\t\t\t\t\t<\/div>\n\t\t<\/section>\n\t\t\t\t<section class=\"elementor-section elementor-top-section elementor-element elementor-element-c9cd853 elementor-section-boxed elementor-section-height-default elementor-section-height-default\" data-id=\"c9cd853\" data-element_type=\"section\" data-e-type=\"section\">\n\t\t\t\t\t\t<div class=\"elementor-container elementor-column-gap-default\">\n\t\t\t\t\t<div class=\"elementor-column elementor-col-50 elementor-top-column elementor-element elementor-element-44b35ea\" data-id=\"44b35ea\" data-element_type=\"column\" data-e-type=\"column\">\n\t\t\t<div class=\"elementor-widget-wrap elementor-element-populated\">\n\t\t\t\t\t\t<div class=\"elementor-element elementor-element-eb9ff21 elementor-widget elementor-widget-heading\" data-id=\"eb9ff21\" data-element_type=\"widget\" data-e-type=\"widget\" data-widget_type=\"heading.default\">\n\t\t\t\t<div class=\"elementor-widget-container\">\n\t\t\t\t\t<h2 class=\"elementor-heading-title elementor-size-default\">Cozy and central accommodation<\/h2>\t\t\t\t<\/div>\n\t\t\t\t<\/div>\n\t\t\t\t<div class=\"elementor-element elementor-element-a03c921 elementor-widget elementor-widget-text-editor\" data-id=\"a03c921\" data-element_type=\"widget\" data-e-type=\"widget\" data-widget_type=\"text-editor.default\">\n\t\t\t\t<div class=\"elementor-widget-container\">\n\t\t\t\t\t\t\t\t\t<p>The tent city (small tents for 4 persons) is primarily aimed at the older age groups as alternative to school\/gymnasium or campsite accommodation.<\/p>\n<p><\/p>\n<p>The teams stay in small tents of each 4 persons, placed together on the camping site and ready to move in upon arrival. The tents are furnished with two small bedrooms and a storage room in the middle. Please remember to bring along your own sleeping bag and mattress.&nbsp;<span style=\"color: var( --e-global-color-text ); font-family: var( --e-global-typography-3ad2672-font-family ), Sans-serif; font-size: var( --e-global-typography-3ad2672-font-size ); font-weight: var( --e-global-typography-3ad2672-font-weight ); letter-spacing: var( --e-global-typography-3ad2672-letter-spacing );\">Teams from the same club are placed together in the tent city.<\/span><\/p>\n<p>Booking for tent city: Choose accommodation under team entry during registration.<br><\/p>\t\t\t\t\t\t\t\t<\/div>\n\t\t\t\t<\/div>\n\t\t\t\t\t<\/div>\n\t\t<\/div>\n\t\t\t\t<div class=\"elementor-column elementor-col-50 elementor-top-column elementor-element elementor-element-a5ad6a7\" data-id=\"a5ad6a7\" data-element_type=\"column\" data-e-type=\"column\">\n\t\t\t<div class=\"elementor-widget-wrap elementor-element-populated\">\n\t\t\t\t\t\t<div class=\"elementor-element elementor-element-6d1d344 elementor-widget elementor-widget-image\" data-id=\"6d1d344\" data-element_type=\"widget\" data-e-type=\"widget\" data-widget_type=\"image.default\">\n\t\t\t\t<div class=\"elementor-widget-container\">\n\t\t\t\t\t\t\t\t\t\t\t\t\t\t\t<img fetchpriority=\"high\" decoding=\"async\" width=\"800\" height=\"536\" src=\"https:\/\/www.vildbjerg-cup.dk\/wp-content\/uploads\/2021\/03\/teltbyen3.jpg\" class=\"attachment-large size-large wp-image-2056\" alt=\"Vildbjerg Cup teltbyen\" srcset=\"https:\/\/www.vildbjerg-cup.dk\/wp-content\/uploads\/2021\/03\/teltbyen3.jpg 929w, https:\/\/www.vildbjerg-cup.dk\/wp-content\/uploads\/2021\/03\/teltbyen3-300x201.jpg 300w, https:\/\/www.vildbjerg-cup.dk\/wp-content\/uploads\/2021\/03\/teltbyen3-768x515.jpg 768w, https:\/\/www.vildbjerg-cup.dk\/wp-content\/uploads\/2021\/03\/teltbyen3-16x12.jpg 16w\" sizes=\"(max-width: 800px) 100vw, 800px\" \/>\t\t\t\t\t\t\t\t\t\t\t\t\t\t\t<\/div>\n\t\t\t\t<\/div>\n\t\t\t\t\t<\/div>\n\t\t<\/div>\n\t\t\t\t\t<\/div>\n\t\t<\/section>\n\t\t\t\t<section class=\"elementor-section elementor-top-section elementor-element elementor-element-1d734d8d elementor-section-content-middle elementor-section-boxed elementor-section-height-default elementor-section-height-default\" data-id=\"1d734d8d\" data-element_type=\"section\" data-e-type=\"section\">\n\t\t\t\t\t\t<div class=\"elementor-container elementor-column-gap-wider\">\n\t\t\t\t\t<div class=\"elementor-column elementor-col-50 elementor-top-column elementor-element elementor-element-72b27311\" data-id=\"72b27311\" data-element_type=\"column\" data-e-type=\"column\">\n\t\t\t<div class=\"elementor-widget-wrap elementor-element-populated\">\n\t\t\t\t\t\t<div class=\"elementor-element elementor-element-3599c866 elementor-widget elementor-widget-image\" data-id=\"3599c866\" data-element_type=\"widget\" data-e-type=\"widget\" data-widget_type=\"image.default\">\n\t\t\t\t<div class=\"elementor-widget-container\">\n\t\t\t\t\t\t\t\t\t\t\t\t\t\t\t<img decoding=\"async\" width=\"1536\" height=\"1024\" src=\"https:\/\/www.vildbjerg-cup.dk\/wp-content\/uploads\/2021\/03\/Teltby-1536x1024.jpg\" class=\"attachment-1536x1536 size-1536x1536 wp-image-2110\" alt=\"Vildbjerg Cup teltbyen 2\" srcset=\"https:\/\/www.vildbjerg-cup.dk\/wp-content\/uploads\/2021\/03\/Teltby-1536x1024.jpg 1536w, https:\/\/www.vildbjerg-cup.dk\/wp-content\/uploads\/2021\/03\/Teltby-300x200.jpg 300w, https:\/\/www.vildbjerg-cup.dk\/wp-content\/uploads\/2021\/03\/Teltby-1024x683.jpg 1024w, https:\/\/www.vildbjerg-cup.dk\/wp-content\/uploads\/2021\/03\/Teltby-768x512.jpg 768w, https:\/\/www.vildbjerg-cup.dk\/wp-content\/uploads\/2021\/03\/Teltby-2048x1365.jpg 2048w, https:\/\/www.vildbjerg-cup.dk\/wp-content\/uploads\/2021\/03\/Teltby-16x12.jpg 16w\" sizes=\"(max-width: 1536px) 100vw, 1536px\" \/>\t\t\t\t\t\t\t\t\t\t\t\t\t\t\t<\/div>\n\t\t\t\t<\/div>\n\t\t\t\t\t<\/div>\n\t\t<\/div>\n\t\t\t\t<div class=\"elementor-column elementor-col-50 elementor-top-column elementor-element elementor-element-7e395060\" data-id=\"7e395060\" data-element_type=\"column\" data-e-type=\"column\">\n\t\t\t<div class=\"elementor-widget-wrap elementor-element-populated\">\n\t\t\t\t\t\t<div class=\"elementor-element elementor-element-7369cd4b elementor-widget elementor-widget-heading\" data-id=\"7369cd4b\" data-element_type=\"widget\" data-e-type=\"widget\" data-widget_type=\"heading.default\">\n\t\t\t\t<div class=\"elementor-widget-container\">\n\t\t\t\t\t<h3 class=\"elementor-heading-title elementor-size-default\">Meals and bathing facilities<\/h3>\t\t\t\t<\/div>\n\t\t\t\t<\/div>\n\t\t\t\t<div class=\"elementor-element elementor-element-4121d9cf elementor-widget elementor-widget-text-editor\" data-id=\"4121d9cf\" data-element_type=\"widget\" data-e-type=\"widget\" data-widget_type=\"text-editor.default\">\n\t\t\t\t<div class=\"elementor-widget-container\">\n\t\t\t\t\t\t\t\t\t<p>Meals are served in Stadionhallen, located only 350 m from the tent city.<\/p><p>Toilets and bathing facilities are available on the campsite and you may alto use the toilets and locker rooms at the sports centre only 400 m away.<\/p><p>It is possible to get power for the tents so that mobile phones, etc. can be charged. You must bring a cable with CEE connectors to get power to the tent.<\/p>\t\t\t\t\t\t\t\t<\/div>\n\t\t\t\t<\/div>\n\t\t\t\t\t<\/div>\n\t\t<\/div>\n\t\t\t\t\t<\/div>\n\t\t<\/section>\n\t\t\t\t<\/div>","protected":false},"excerpt":{"rendered":"<p>Teltbyen Hyggelig og central indkvartering Teltbyen henvender sig prim\u00e6rt til de \u00e6ldre \u00e5rgange, som kan benytte teltene som alternativ til overnatning p\u00e5 skolerne\/hallerne eller campingpladsen. Holdene indkvarteres i 4-personers telte, som er sl\u00e5et op og er klar til indflytning n\u00e5r man ankommer. Teltene er indrettet med to soverum og et opbevaringsrum i midten. Man skal [&hellip;]<\/p>\n","protected":false},"author":6,"featured_media":0,"parent":0,"menu_order":0,"comment_status":"closed","ping_status":"closed","template":"","meta":{"footnotes":""},"class_list":["post-1995","page","type-page","status-publish","hentry"],"acf":[],"_links":{"self":[{"href":"https:\/\/www.vildbjerg-cup.dk\/en\/wp-json\/wp\/v2\/pages\/1995","targetHints":{"allow":["GET"]}}],"collection":[{"href":"https:\/\/www.vildbjerg-cup.dk\/en\/wp-json\/wp\/v2\/pages"}],"about":[{"href":"https:\/\/www.vildbjerg-cup.dk\/en\/wp-json\/wp\/v2\/types\/page"}],"author":[{"embeddable":true,"href":"https:\/\/www.vildbjerg-cup.dk\/en\/wp-json\/wp\/v2\/users\/6"}],"replies":[{"embeddable":true,"href":"https:\/\/www.vildbjerg-cup.dk\/en\/wp-json\/wp\/v2\/comments?post=1995"}],"version-history":[{"count":87,"href":"https:\/\/www.vildbjerg-cup.dk\/en\/wp-json\/wp\/v2\/pages\/1995\/revisions"}],"predecessor-version":[{"id":2829,"href":"https:\/\/www.vildbjerg-cup.dk\/en\/wp-json\/wp\/v2\/pages\/1995\/revisions\/2829"}],"wp:attachment":[{"href":"https:\/\/www.vildbjerg-cup.dk\/en\/wp-json\/wp\/v2\/media?parent=1995"}],"curies":[{"name":"wp","href":"https:\/\/api.w.org\/{rel}","templated":true}]}}