{"id":2165,"date":"2021-10-07T15:09:38","date_gmt":"2021-10-07T13:09:38","guid":{"rendered":"https:\/\/vildbjerg.kameli.dk\/?page_id=2165"},"modified":"2025-11-04T15:48:35","modified_gmt":"2025-11-04T14:48:35","slug":"turneringsform","status":"publish","type":"page","link":"https:\/\/www.vildbjerg-cup.dk\/en\/tournament\/","title":{"rendered":"Tournament"},"content":{"rendered":"<div data-elementor-type=\"wp-page\" data-elementor-id=\"2165\" class=\"elementor elementor-2165\" data-elementor-post-type=\"page\">\n\t\t\t\t\t\t<section class=\"elementor-section elementor-top-section elementor-element elementor-element-6285b948 elementor-section-height-min-height elementor-section-items-bottom elementor-section-boxed elementor-section-height-default\" data-id=\"6285b948\" data-element_type=\"section\" data-e-type=\"section\" data-settings=\"{&quot;background_background&quot;:&quot;classic&quot;}\">\n\t\t\t\t\t\t<div class=\"elementor-container elementor-column-gap-default\">\n\t\t\t\t\t<div class=\"elementor-column elementor-col-100 elementor-top-column elementor-element elementor-element-22d3d648\" data-id=\"22d3d648\" data-element_type=\"column\" data-e-type=\"column\">\n\t\t\t<div class=\"elementor-widget-wrap elementor-element-populated\">\n\t\t\t\t\t\t<div class=\"elementor-element elementor-element-74c02005 elementor-widget__width-auto elementor-widget elementor-widget-heading\" data-id=\"74c02005\" data-element_type=\"widget\" data-e-type=\"widget\" data-widget_type=\"heading.default\">\n\t\t\t\t<div class=\"elementor-widget-container\">\n\t\t\t\t\t<h1 class=\"elementor-heading-title elementor-size-default\">Tournament<\/h1>\t\t\t\t<\/div>\n\t\t\t\t<\/div>\n\t\t\t\t<div class=\"elementor-element elementor-element-41688bd5 elementor-widget elementor-widget-spacer\" data-id=\"41688bd5\" data-element_type=\"widget\" data-e-type=\"widget\" data-widget_type=\"spacer.default\">\n\t\t\t\t<div class=\"elementor-widget-container\">\n\t\t\t\t\t\t\t<div class=\"elementor-spacer\">\n\t\t\t<div class=\"elementor-spacer-inner\"><\/div>\n\t\t<\/div>\n\t\t\t\t\t\t<\/div>\n\t\t\t\t<\/div>\n\t\t\t\t\t<\/div>\n\t\t<\/div>\n\t\t\t\t\t<\/div>\n\t\t<\/section>\n\t\t\t\t<section class=\"elementor-section elementor-top-section elementor-element elementor-element-36b4f6e1 elementor-section-boxed elementor-section-height-default elementor-section-height-default\" data-id=\"36b4f6e1\" data-element_type=\"section\" data-e-type=\"section\">\n\t\t\t\t\t\t<div class=\"elementor-container elementor-column-gap-default\">\n\t\t\t\t\t<div class=\"elementor-column elementor-col-50 elementor-top-column elementor-element elementor-element-224ca28b\" data-id=\"224ca28b\" data-element_type=\"column\" data-e-type=\"column\">\n\t\t\t<div class=\"elementor-widget-wrap elementor-element-populated\">\n\t\t\t\t\t\t<div class=\"elementor-element elementor-element-7971077b elementor-widget elementor-widget-text-editor\" data-id=\"7971077b\" data-element_type=\"widget\" data-e-type=\"widget\" data-widget_type=\"text-editor.default\">\n\t\t\t\t<div class=\"elementor-widget-container\">\n\t\t\t\t\t\t\t\t\t<p>Vildbjerg Cup is sanctioned by FIFA.\u00a0<br \/><span style=\"color: var( --e-global-color-text ); font-family: var( --e-global-typography-3ad2672-font-family ), Sans-serif; font-size: var( --e-global-typography-3ad2672-font-size ); font-weight: var( --e-global-typography-3ad2672-font-weight ); letter-spacing: var( --e-global-typography-3ad2672-letter-spacing );\">Special rules can be found here before the tournament.<\/span><\/p><p>A player may only be listed and play with ONE team. <span style=\"text-decoration: underline;\"><strong>It's not possible<\/strong><\/span> to get dispensation to play for more than one team during the tournament.<\/p><p>Alle hold skal udfylde et elektronisk holdkort i tilmeldingssystemet, som skal v\u00e6re indtastet senest torsdag d. 30. juli kl. 12.00.\u00a0<\/p><p>The tournament is played in 2 rounds. In the qualifying round the 4 (or 5) teams of each pool (pulje) play against each other. Winners and runners-up in each pool proceed to the final round which is played by the cup system, e.g. having lost a match, teams drop out of the tournament. Remaining teams proceed to the B-finals, also played by the cup-system.<\/p><p><strong><br \/>Players per match:<\/strong><br \/><span style=\"color: var( --e-global-color-text ); font-family: var( --e-global-typography-3ad2672-font-family ), Sans-serif; font-size: var( --e-global-typography-3ad2672-font-size ); font-weight: var( --e-global-typography-3ad2672-font-weight ); letter-spacing: var( --e-global-typography-3ad2672-letter-spacing );\">5-a-side teams<\/span> <span style=\"color: var( --e-global-color-text ); font-family: var( --e-global-typography-3ad2672-font-family ), Sans-serif; font-size: var( --e-global-typography-3ad2672-font-size ); font-weight: var( --e-global-typography-3ad2672-font-weight ); letter-spacing: var( --e-global-typography-3ad2672-letter-spacing );\">max. 8 players per match<br \/><\/span><span style=\"color: var( --e-global-color-text ); font-family: var( --e-global-typography-3ad2672-font-family ), Sans-serif; font-size: var( --e-global-typography-3ad2672-font-size ); font-weight: var( --e-global-typography-3ad2672-font-weight ); letter-spacing: var( --e-global-typography-3ad2672-letter-spacing );\">8-a-side teams:<\/span> <span style=\"color: var( --e-global-color-text ); font-family: var( --e-global-typography-3ad2672-font-family ), Sans-serif; font-size: var( --e-global-typography-3ad2672-font-size ); font-weight: var( --e-global-typography-3ad2672-font-weight ); letter-spacing: var( --e-global-typography-3ad2672-letter-spacing );\">max. 12 players per match<br \/><\/span><span style=\"color: var( --e-global-color-text ); font-family: var( --e-global-typography-3ad2672-font-family ), Sans-serif; font-size: var( --e-global-typography-3ad2672-font-size ); font-weight: var( --e-global-typography-3ad2672-font-weight ); letter-spacing: var( --e-global-typography-3ad2672-letter-spacing );\">11-a-side teams:<\/span> <span style=\"color: var( --e-global-color-text ); font-family: var( --e-global-typography-3ad2672-font-family ), Sans-serif; font-size: var( --e-global-typography-3ad2672-font-size ); font-weight: var( --e-global-typography-3ad2672-font-weight ); letter-spacing: var( --e-global-typography-3ad2672-letter-spacing );\">max. 16 players per match<\/span><\/p><p>Free substitution of players in all matches.<\/p>\t\t\t\t\t\t\t\t<\/div>\n\t\t\t\t<\/div>\n\t\t\t\t\t<\/div>\n\t\t<\/div>\n\t\t\t\t<div class=\"elementor-column elementor-col-50 elementor-top-column elementor-element elementor-element-7b2b1a5b\" data-id=\"7b2b1a5b\" data-element_type=\"column\" data-e-type=\"column\">\n\t\t\t<div class=\"elementor-widget-wrap elementor-element-populated\">\n\t\t\t\t\t\t<section class=\"elementor-section elementor-inner-section elementor-element elementor-element-590f000 elementor-section-boxed elementor-section-height-default elementor-section-height-default\" data-id=\"590f000\" data-element_type=\"section\" data-e-type=\"section\" data-settings=\"{&quot;background_background&quot;:&quot;classic&quot;}\">\n\t\t\t\t\t\t<div class=\"elementor-container elementor-column-gap-default\">\n\t\t\t\t\t<div class=\"elementor-column elementor-col-100 elementor-inner-column elementor-element elementor-element-4a55b66e\" data-id=\"4a55b66e\" data-element_type=\"column\" data-e-type=\"column\">\n\t\t\t<div class=\"elementor-widget-wrap elementor-element-populated\">\n\t\t\t\t\t\t<div class=\"elementor-element elementor-element-2d934f0a elementor-widget elementor-widget-heading\" data-id=\"2d934f0a\" data-element_type=\"widget\" data-e-type=\"widget\" data-widget_type=\"heading.default\">\n\t\t\t\t<div class=\"elementor-widget-container\">\n\t\t\t\t\t<h4 class=\"elementor-heading-title elementor-size-default\">Tournament office<\/h4>\t\t\t\t<\/div>\n\t\t\t\t<\/div>\n\t\t\t\t<div class=\"elementor-element elementor-element-6f72cea2 elementor-widget elementor-widget-text-editor\" data-id=\"6f72cea2\" data-element_type=\"widget\" data-e-type=\"widget\" data-widget_type=\"text-editor.default\">\n\t\t\t\t<div class=\"elementor-widget-container\">\n\t\t\t\t\t\t\t\t\t<p>The tournament office is open all days during Vildbjerg Cup. If you have any question regarding the tournament, rules, results etc. please stop by.<\/p>\n<p><span style=\"color: var( --e-global-color-text );\"><strong>Telefonnummer under Vildbjerg Cup:<\/strong><br><\/span><span style=\"color: var( --e-global-color-text );\">+45 9713 3820<br>Tryk 1 for St\u00e6vnekontoret.<br><br><\/span><\/p>\n<p>Inquiries before and after Vildbjerg Cup must be made to the Vildbjerg Cup office. +45 9713 3820 or info@vildbjerg-cup.dk<\/p>\t\t\t\t\t\t\t\t<\/div>\n\t\t\t\t<\/div>\n\t\t\t\t\t<\/div>\n\t\t<\/div>\n\t\t\t\t\t<\/div>\n\t\t<\/section>\n\t\t\t\t\t<\/div>\n\t\t<\/div>\n\t\t\t\t\t<\/div>\n\t\t<\/section>\n\t\t\t\t<\/div>","protected":false},"excerpt":{"rendered":"<p>Turneringsform Vildbjerg Cup spilles efter Fodboldloven (FIFA Laws of the Game).\u00a0Se s\u00e6rregler her ift. tidsbegr\u00e6nset udvisning, straffesparkskonkurrence osv. En spiller m\u00e5 kun v\u00e6re p\u00e5f\u00f8rt \u00e9t holdkort &#8211; og dermed ogs\u00e5 kun spille p\u00e5 \u00e9t hold under Vildbjerg Cup. Der gives ikke dispensationer til at spille p\u00e5 flere hold. Alle hold skal udfylde et elektronisk holdkort [&hellip;]<\/p>\n","protected":false},"author":6,"featured_media":0,"parent":0,"menu_order":0,"comment_status":"closed","ping_status":"closed","template":"","meta":{"footnotes":""},"class_list":["post-2165","page","type-page","status-publish","hentry"],"acf":[],"_links":{"self":[{"href":"https:\/\/www.vildbjerg-cup.dk\/en\/wp-json\/wp\/v2\/pages\/2165","targetHints":{"allow":["GET"]}}],"collection":[{"href":"https:\/\/www.vildbjerg-cup.dk\/en\/wp-json\/wp\/v2\/pages"}],"about":[{"href":"https:\/\/www.vildbjerg-cup.dk\/en\/wp-json\/wp\/v2\/types\/page"}],"author":[{"embeddable":true,"href":"https:\/\/www.vildbjerg-cup.dk\/en\/wp-json\/wp\/v2\/users\/6"}],"replies":[{"embeddable":true,"href":"https:\/\/www.vildbjerg-cup.dk\/en\/wp-json\/wp\/v2\/comments?post=2165"}],"version-history":[{"count":72,"href":"https:\/\/www.vildbjerg-cup.dk\/en\/wp-json\/wp\/v2\/pages\/2165\/revisions"}],"predecessor-version":[{"id":4882,"href":"https:\/\/www.vildbjerg-cup.dk\/en\/wp-json\/wp\/v2\/pages\/2165\/revisions\/4882"}],"wp:attachment":[{"href":"https:\/\/www.vildbjerg-cup.dk\/en\/wp-json\/wp\/v2\/media?parent=2165"}],"curies":[{"name":"wp","href":"https:\/\/api.w.org\/{rel}","templated":true}]}}