{"id":3264,"date":"2022-07-25T12:44:05","date_gmt":"2022-07-25T10:44:05","guid":{"rendered":"https:\/\/www.vildbjerg-cup.dk\/?page_id=3264"},"modified":"2025-07-29T11:52:08","modified_gmt":"2025-07-29T09:52:08","slug":"campingpladser-2025","status":"publish","type":"page","link":"https:\/\/www.vildbjerg-cup.dk\/en\/campingpladser-2025\/","title":{"rendered":"Campingpladser 2025"},"content":{"rendered":"<div data-elementor-type=\"wp-page\" data-elementor-id=\"3264\" class=\"elementor elementor-3264\" data-elementor-post-type=\"page\">\n\t\t\t\t\t\t<section class=\"elementor-section elementor-top-section elementor-element elementor-element-3e00d290 elementor-section-height-min-height elementor-section-items-bottom elementor-section-boxed elementor-section-height-default\" data-id=\"3e00d290\" data-element_type=\"section\" data-e-type=\"section\" data-settings=\"{&quot;background_background&quot;:&quot;classic&quot;}\">\n\t\t\t\t\t\t\t<div class=\"elementor-background-overlay\"><\/div>\n\t\t\t\t\t\t\t<div class=\"elementor-container elementor-column-gap-default\">\n\t\t\t\t\t<div class=\"elementor-column elementor-col-100 elementor-top-column elementor-element elementor-element-780c7163\" data-id=\"780c7163\" data-element_type=\"column\" data-e-type=\"column\">\n\t\t\t<div class=\"elementor-widget-wrap elementor-element-populated\">\n\t\t\t\t\t\t<div class=\"elementor-element elementor-element-7a0ef7e9 elementor-widget__width-auto elementor-widget elementor-widget-heading\" data-id=\"7a0ef7e9\" data-element_type=\"widget\" data-e-type=\"widget\" data-widget_type=\"heading.default\">\n\t\t\t\t<div class=\"elementor-widget-container\">\n\t\t\t\t\t<h1 class=\"elementor-heading-title elementor-size-default\">Campingpladser 2025<\/h1>\t\t\t\t<\/div>\n\t\t\t\t<\/div>\n\t\t\t\t<div class=\"elementor-element elementor-element-621befc2 elementor-widget elementor-widget-spacer\" data-id=\"621befc2\" data-element_type=\"widget\" data-e-type=\"widget\" data-widget_type=\"spacer.default\">\n\t\t\t\t<div class=\"elementor-widget-container\">\n\t\t\t\t\t\t\t<div class=\"elementor-spacer\">\n\t\t\t<div class=\"elementor-spacer-inner\"><\/div>\n\t\t<\/div>\n\t\t\t\t\t\t<\/div>\n\t\t\t\t<\/div>\n\t\t\t\t\t<\/div>\n\t\t<\/div>\n\t\t\t\t\t<\/div>\n\t\t<\/section>\n\t\t\t\t<section class=\"elementor-section elementor-top-section elementor-element elementor-element-69051e67 elementor-section-boxed elementor-section-height-default elementor-section-height-default\" data-id=\"69051e67\" data-element_type=\"section\" data-e-type=\"section\">\n\t\t\t\t\t\t<div class=\"elementor-container elementor-column-gap-default\">\n\t\t\t\t\t<div class=\"elementor-column elementor-col-100 elementor-top-column elementor-element elementor-element-1ca605d7\" data-id=\"1ca605d7\" data-element_type=\"column\" data-e-type=\"column\">\n\t\t\t<div class=\"elementor-widget-wrap elementor-element-populated\">\n\t\t\t\t\t\t<div class=\"elementor-element elementor-element-5c57fd92 elementor-widget elementor-widget-text-editor\" data-id=\"5c57fd92\" data-element_type=\"widget\" data-e-type=\"widget\" data-widget_type=\"text-editor.default\">\n\t\t\t\t<div class=\"elementor-widget-container\">\n\t\t\t\t\t\t\t\t\t<p>Ved sp\u00f8rgsm\u00e5l: kontakt Campinginfo p\u00e5 tlf. 97133820 eller camping@vildbjerg-cup.dk<\/p>\n<p><a href=\"https:\/\/www.vildbjerg-cup.dk\/wp-content\/uploads\/2025\/07\/C02-Kildebakken-2.pdf\">C2 Kildebakkeskolen<\/a> &#8211; indk\u00f8rsel ad Soldalen<\/p>\n<p><span style=\"color: var( --e-global-color-text ); font-family: var( --e-global-typography-3ad2672-font-family ), Sans-serif; font-size: var( --e-global-typography-3ad2672-font-size ); font-weight: var( --e-global-typography-3ad2672-font-weight ); letter-spacing: var( --e-global-typography-3ad2672-letter-spacing ); word-spacing: var( --e-global-typography-3ad2672-word-spacing );\"><a href=\"https:\/\/www.vildbjerg-cup.dk\/wp-content\/uploads\/2025\/07\/C05-Rideskolen-1.pdf\">C5 Rideskolen<\/a> &#8211; indk\u00f8rsel ad Sports All\u00e9<\/span><\/p>\n<p><span style=\"color: var( --e-global-color-text ); font-family: var( --e-global-typography-3ad2672-font-family ), Sans-serif; font-size: var( --e-global-typography-3ad2672-font-size ); font-weight: var( --e-global-typography-3ad2672-font-weight ); letter-spacing: var( --e-global-typography-3ad2672-letter-spacing ); word-spacing: var( --e-global-typography-3ad2672-word-spacing );\"><a href=\"https:\/\/www.vildbjerg-cup.dk\/wp-content\/uploads\/2025\/07\/C06-Soeparken-1.pdf\">C6 S\u00f8parken<\/a> &#8211; indk\u00f8rsel via Tranholmvej<\/span><\/p>\n<p><a href=\"https:\/\/www.vildbjerg-cup.dk\/wp-content\/uploads\/2025\/07\/C09-Tranholmvej-1.pdf\">C9 Tranholmvej<\/a><\/p>\n<p><a href=\"https:\/\/www.vildbjerg-cup.dk\/wp-content\/uploads\/2025\/07\/C11-Hvedevaenget-ver2.pdf\">C11 Hvedev\u00e6nget<\/a>&nbsp;(opd. 29\/7)<\/p>\n<p><a href=\"https:\/\/www.vildbjerg-cup.dk\/wp-content\/uploads\/2025\/07\/C12-13-Oestergade-Nord-1.pdf\">C12-13 \u00d8stergade Nord<\/a><\/p>\n<p><a href=\"https:\/\/www.vildbjerg-cup.dk\/wp-content\/uploads\/2025\/07\/Camping-Timring-1.pdf\">Camping Timring<\/a><span style=\"color: var( --e-global-color-text ); font-family: var( --e-global-typography-3ad2672-font-family ), Sans-serif; font-size: var( --e-global-typography-3ad2672-font-size ); font-weight: var( --e-global-typography-3ad2672-font-weight ); letter-spacing: var( --e-global-typography-3ad2672-letter-spacing ); word-spacing: var( --e-global-typography-3ad2672-word-spacing );\">&nbsp;&#8211; Fuglsangsvej 15, Timring, 7480 Vildbjerg<\/span><\/p>\n<p><a href=\"https:\/\/www.vildbjerg-cup.dk\/wp-content\/uploads\/2025\/07\/Camping-Noevling-1.pdf\">Camping N\u00f8vling<\/a><span style=\"color: var( --e-global-color-text ); font-family: var( --e-global-typography-3ad2672-font-family ), Sans-serif; font-size: var( --e-global-typography-3ad2672-font-size ); font-weight: var( --e-global-typography-3ad2672-font-weight ); letter-spacing: var( --e-global-typography-3ad2672-letter-spacing ); word-spacing: var( --e-global-typography-3ad2672-word-spacing );\">&nbsp;&#8211; N\u00f8vlingskovvej 1A, N\u00f8vling, 7480 Vildbjerg<\/span><\/p>\n<p><a href=\"https:\/\/www.vildbjerg-cup.dk\/wp-content\/uploads\/2025\/07\/Camping-Sinding-1.pdf\">Camping Sinding<\/a><span style=\"color: var( --e-global-color-text ); font-family: var( --e-global-typography-3ad2672-font-family ), Sans-serif; font-size: var( --e-global-typography-3ad2672-font-size ); font-weight: var( --e-global-typography-3ad2672-font-weight ); letter-spacing: var( --e-global-typography-3ad2672-letter-spacing ); word-spacing: var( --e-global-typography-3ad2672-word-spacing );\">&nbsp;&#8211; Skoletoften 7, Sinding, 7400 Herning<\/span><\/p>\n<div>\n<table style=\"width: 341pt;\" border=\"0\" width=\"455\" cellspacing=\"0\" cellpadding=\"0\">\n<colgroup>\n<col style=\"mso-width-source: userset; mso-width-alt: 8331; width: 179pt;\" width=\"239\">\n<col style=\"mso-width-source: userset; mso-width-alt: 7540; width: 162pt;\" width=\"216\"> <\/colgroup>\n<tbody>\n<tr style=\"height: 14.5pt;\">\n<td class=\"xl63\" style=\"height: 14.5pt; width: 179pt;\" width=\"239\" height=\"19\">Klub<\/td>\n<td class=\"xl63\" style=\"border-left: none; width: 162pt;\" width=\"216\">Lokation<\/td>\n<\/tr>\n<tr style=\"height: 14.5pt;\">\n<td class=\"xl64\" style=\"height: 14.5pt; border-top: none; width: 179pt;\" width=\"239\" height=\"19\">Aller\u00f8d Fodbold Klub<\/td>\n<td class=\"xl64\" style=\"border-top: none; border-left: none; width: 162pt;\" width=\"216\">C12<br>\u00d8stergade Nord 1<\/td>\n<\/tr>\n<tr style=\"height: 14.5pt;\">\n<td class=\"xl64\" style=\"height: 14.5pt; border-top: none; width: 179pt;\" width=\"239\" height=\"19\">Arden IF<\/td>\n<td class=\"xl64\" style=\"border-top: none; border-left: none; width: 162pt;\" width=\"216\">C11<br>Hvedev\u00e6nget<\/td>\n<\/tr>\n<tr style=\"height: 14.5pt;\">\n<td class=\"xl64\" style=\"height: 14.5pt; border-top: none; width: 179pt;\" width=\"239\" height=\"19\">Asn\u00e6s BK<\/td>\n<td class=\"xl64\" style=\"border-top: none; border-left: none; width: 162pt;\" width=\"216\">Timring<\/td>\n<\/tr>\n<tr style=\"height: 14.5pt;\">\n<td class=\"xl64\" style=\"height: 14.5pt; border-top: none; width: 179pt;\" width=\"239\" height=\"19\">B. 73, Slagelse<\/td>\n<td class=\"xl64\" style=\"border-top: none; border-left: none; width: 162pt;\" width=\"216\">N\u00f8vling<\/td>\n<\/tr>\n<tr style=\"height: 14.5pt;\">\n<td class=\"xl64\" style=\"height: 14.5pt; border-top: none; width: 179pt;\" width=\"239\" height=\"19\">B1973 Herlev<\/td>\n<td class=\"xl64\" style=\"border-top: none; border-left: none; width: 162pt;\" width=\"216\">C11<br>Hvedev\u00e6nget<\/td>\n<\/tr>\n<tr style=\"height: 14.5pt;\">\n<td class=\"xl64\" style=\"height: 14.5pt; border-top: none; width: 179pt;\" width=\"239\" height=\"19\">Boldklubben Skjold<\/td>\n<td class=\"xl64\" style=\"border-top: none; border-left: none; width: 162pt;\" width=\"216\">C13<br>\u00d8stergade Nord 2<\/td>\n<\/tr>\n<tr style=\"height: 14.5pt;\">\n<td class=\"xl64\" style=\"height: 14.5pt; border-top: none; width: 179pt;\" width=\"239\" height=\"19\">Borup IF Fodbold<\/td>\n<td class=\"xl64\" style=\"border-top: none; border-left: none; width: 162pt;\" width=\"216\">C09<br>Tranholmvej<\/td>\n<\/tr>\n<tr style=\"height: 14.5pt;\">\n<td class=\"xl64\" style=\"height: 14.5pt; border-top: none; width: 179pt;\" width=\"239\" height=\"19\">Dalum IF<\/td>\n<td class=\"xl64\" style=\"border-top: none; border-left: none; width: 162pt;\" width=\"216\">Timring<\/td>\n<\/tr>\n<tr style=\"height: 14.5pt;\">\n<td class=\"xl64\" style=\"height: 14.5pt; border-top: none; width: 179pt;\" width=\"239\" height=\"19\">Esbjerg fB<\/td>\n<td class=\"xl64\" style=\"border-top: none; border-left: none; width: 162pt;\" width=\"216\">Sinding<\/td>\n<\/tr>\n<tr style=\"height: 14.5pt;\">\n<td class=\"xl64\" style=\"height: 14.5pt; border-top: none; width: 179pt;\" width=\"239\" height=\"19\">Fars\u00f8\/Ullits IK<\/td>\n<td class=\"xl64\" style=\"border-top: none; border-left: none; width: 162pt;\" width=\"216\">C03<br>Anl\u00e6gget<\/td>\n<\/tr>\n<tr style=\"height: 14.5pt;\">\n<td class=\"xl64\" style=\"height: 14.5pt; border-top: none; width: 179pt;\" width=\"239\" height=\"19\">FC Midtjylland<\/td>\n<td class=\"xl64\" style=\"border-top: none; border-left: none; width: 162pt;\" width=\"216\">C07<br>Antons mark<\/td>\n<\/tr>\n<tr style=\"height: 14.5pt;\">\n<td class=\"xl64\" style=\"height: 14.5pt; border-top: none; width: 179pt;\" width=\"239\" height=\"19\">FC THY Piger<\/td>\n<td class=\"xl64\" style=\"border-top: none; border-left: none; width: 162pt;\" width=\"216\">Timring<\/td>\n<\/tr>\n<tr style=\"height: 14.5pt;\">\n<td class=\"xl64\" style=\"height: 14.5pt; border-top: none; width: 179pt;\" width=\"239\" height=\"19\">Fl\u00f8ng-Hedehusene Fodbold<\/td>\n<td class=\"xl64\" style=\"border-top: none; border-left: none; width: 162pt;\" width=\"216\">C13<br>\u00d8stergade Nord 2<\/td>\n<\/tr>\n<tr style=\"height: 14.5pt;\">\n<td class=\"xl64\" style=\"height: 14.5pt; border-top: none; width: 179pt;\" width=\"239\" height=\"19\">Greve Fodbold<\/td>\n<td class=\"xl64\" style=\"border-top: none; border-left: none; width: 162pt;\" width=\"216\">C05<br>Rideskolen<\/td>\n<\/tr>\n<tr style=\"height: 14.5pt;\">\n<td class=\"xl64\" style=\"height: 14.5pt; border-top: none; width: 179pt;\" width=\"239\" height=\"19\">Hana Idrettslag<\/td>\n<td class=\"xl64\" style=\"border-top: none; border-left: none; width: 162pt;\" width=\"216\">Timring<\/td>\n<\/tr>\n<tr style=\"height: 14.5pt;\">\n<td class=\"xl64\" style=\"height: 14.5pt; border-top: none; width: 179pt;\" width=\"239\" height=\"19\">Helle FC<\/td>\n<td class=\"xl64\" style=\"border-top: none; border-left: none; width: 162pt;\" width=\"216\">C11<br>Hvedev\u00e6nget<\/td>\n<\/tr>\n<tr style=\"height: 14.5pt;\">\n<td class=\"xl64\" style=\"height: 14.5pt; border-top: none; width: 179pt;\" width=\"239\" height=\"19\">Herf\u00f8lge Boldklub<\/td>\n<td class=\"xl64\" style=\"border-top: none; border-left: none; width: 162pt;\" width=\"216\">C13<br>\u00d8stergade Nord 2<\/td>\n<\/tr>\n<tr style=\"height: 14.5pt;\">\n<td class=\"xl64\" style=\"height: 14.5pt; border-top: none; width: 179pt;\" width=\"239\" height=\"19\">Hiller\u00f8d Fodbold<\/td>\n<td class=\"xl64\" style=\"border-top: none; border-left: none; width: 162pt;\" width=\"216\">Sinding<\/td>\n<\/tr>\n<tr style=\"height: 14.5pt;\">\n<td class=\"xl64\" style=\"height: 14.5pt; border-top: none; width: 179pt;\" width=\"239\" height=\"19\">Hobro IK<\/td>\n<td class=\"xl64\" style=\"border-top: none; border-left: none; width: 162pt;\" width=\"216\">C06<br>S\u00f8parken<\/td>\n<\/tr>\n<tr style=\"height: 14.5pt;\">\n<td class=\"xl64\" style=\"height: 14.5pt; border-top: none; width: 179pt;\" width=\"239\" height=\"19\">Holstebro B<\/td>\n<td class=\"xl64\" style=\"border-top: none; border-left: none; width: 162pt;\" width=\"216\">C11<br>Hvedev\u00e6nget<\/td>\n<\/tr>\n<tr style=\"height: 14.5pt;\">\n<td class=\"xl64\" style=\"height: 14.5pt; border-top: none; width: 179pt;\" width=\"239\" height=\"19\">Hundv\u00e5g IL<\/td>\n<td class=\"xl64\" style=\"border-top: none; border-left: none; width: 162pt;\" width=\"216\">Timring<\/td>\n<\/tr>\n<tr style=\"height: 14.5pt;\">\n<td class=\"xl64\" style=\"height: 14.5pt; border-top: none; width: 179pt;\" width=\"239\" height=\"19\">HVA Sydthy<\/td>\n<td class=\"xl64\" style=\"border-top: none; border-left: none; width: 162pt;\" width=\"216\">C11<br>Hvedev\u00e6nget<\/td>\n<\/tr>\n<tr style=\"height: 14.5pt;\">\n<td class=\"xl64\" style=\"height: 14.5pt; border-top: none; width: 179pt;\" width=\"239\" height=\"19\">\u00cdF Fuglafj\u00f8r\u00f0ur<\/td>\n<td class=\"xl64\" style=\"border-top: none; border-left: none; width: 162pt;\" width=\"216\">Timring<\/td>\n<\/tr>\n<tr style=\"height: 14.5pt;\">\n<td class=\"xl64\" style=\"height: 14.5pt; border-top: none; width: 179pt;\" width=\"239\" height=\"19\">JFV Varel<\/td>\n<td class=\"xl64\" style=\"border-top: none; border-left: none; width: 162pt;\" width=\"216\">Timring<\/td>\n<\/tr>\n<tr style=\"height: 14.5pt;\">\n<td class=\"xl64\" style=\"height: 14.5pt; border-top: none; width: 179pt;\" width=\"239\" height=\"19\">JSG Sachsenwald<\/td>\n<td class=\"xl64\" style=\"border-top: none; border-left: none; width: 162pt;\" width=\"216\">Timring<\/td>\n<\/tr>\n<tr style=\"height: 14.5pt;\">\n<td class=\"xl64\" style=\"height: 14.5pt; border-top: none; width: 179pt;\" width=\"239\" height=\"19\">Juelsminde IF<\/td>\n<td class=\"xl64\" style=\"border-top: none; border-left: none; width: 162pt;\" width=\"216\">Timring<\/td>\n<\/tr>\n<tr style=\"height: 14.5pt;\">\n<td class=\"xl64\" style=\"height: 14.5pt; border-top: none; width: 179pt;\" width=\"239\" height=\"19\">Kalundborg GB<\/td>\n<td class=\"xl64\" style=\"border-top: none; border-left: none; width: 162pt;\" width=\"216\">Timring<\/td>\n<\/tr>\n<tr style=\"height: 14.5pt;\">\n<td class=\"xl64\" style=\"height: 14.5pt; border-top: none; width: 179pt;\" width=\"239\" height=\"19\">Klebe SK<\/td>\n<td class=\"xl64\" style=\"border-top: none; border-left: none; width: 162pt;\" width=\"216\">Timring<\/td>\n<\/tr>\n<tr style=\"height: 14.5pt;\">\n<td class=\"xl64\" style=\"height: 14.5pt; border-top: none; width: 179pt;\" width=\"239\" height=\"19\">Koldby\/H\u00f8rdum IF<\/td>\n<td class=\"xl64\" style=\"border-top: none; border-left: none; width: 162pt;\" width=\"216\">Sinding<\/td>\n<\/tr>\n<tr style=\"height: 14.5pt;\">\n<td class=\"xl64\" style=\"height: 14.5pt; border-top: none; width: 179pt;\" width=\"239\" height=\"19\">Kreisauswahl Ostfriesland Mitte<\/td>\n<td class=\"xl64\" style=\"border-top: none; border-left: none; width: 162pt;\" width=\"216\">Timring<\/td>\n<\/tr>\n<tr style=\"height: 14.5pt;\">\n<td class=\"xl64\" style=\"height: 14.5pt; border-top: none; width: 179pt;\" width=\"239\" height=\"19\">Led\u00f8je-Sm\u00f8rum Fodbold<\/td>\n<td class=\"xl64\" style=\"border-top: none; border-left: none; width: 162pt;\" width=\"216\">Sinding<\/td>\n<\/tr>\n<tr style=\"height: 14.5pt;\">\n<td class=\"xl64\" style=\"height: 14.5pt; border-top: none; width: 179pt;\" width=\"239\" height=\"19\">LKB\/Gistrup<\/td>\n<td class=\"xl64\" style=\"border-top: none; border-left: none; width: 162pt;\" width=\"216\">C05<br>Rideskolen<\/td>\n<\/tr>\n<tr style=\"height: 14.5pt;\">\n<td class=\"xl64\" style=\"height: 14.5pt; border-top: none; width: 179pt;\" width=\"239\" height=\"19\">Lynge-Uggel\u00f8se IF<\/td>\n<td class=\"xl64\" style=\"border-top: none; border-left: none; width: 162pt;\" width=\"216\">C11<br>Hvedev\u00e6nget<\/td>\n<\/tr>\n<tr style=\"height: 14.5pt;\">\n<td class=\"xl64\" style=\"height: 14.5pt; border-top: none; width: 179pt;\" width=\"239\" height=\"19\">Melby-Liseleje IF<\/td>\n<td class=\"xl64\" style=\"border-top: none; border-left: none; width: 162pt;\" width=\"216\">Sinding<\/td>\n<\/tr>\n<tr style=\"height: 14.5pt;\">\n<td class=\"xl64\" style=\"height: 14.5pt; border-top: none; width: 179pt;\" width=\"239\" height=\"19\">Midtals IF<\/td>\n<td class=\"xl64\" style=\"border-top: none; border-left: none; width: 162pt;\" width=\"216\">C13<br>\u00d8stergade Nord 2<\/td>\n<\/tr>\n<tr style=\"height: 14.5pt;\">\n<td class=\"xl64\" style=\"height: 14.5pt; border-top: none; width: 179pt;\" width=\"239\" height=\"19\">M\u00e5bjerg IF<\/td>\n<td class=\"xl64\" style=\"border-top: none; border-left: none; width: 162pt;\" width=\"216\">C05<br>Rideskolen<\/td>\n<\/tr>\n<tr style=\"height: 14.5pt;\">\n<td class=\"xl64\" style=\"height: 14.5pt; border-top: none; width: 179pt;\" width=\"239\" height=\"19\">N\u00e6sbjerg\/Rousth\u00f8je UI<\/td>\n<td class=\"xl64\" style=\"border-top: none; border-left: none; width: 162pt;\" width=\"216\">C11<br>Hvedev\u00e6nget<\/td>\n<\/tr>\n<tr style=\"height: 14.5pt;\">\n<td class=\"xl64\" style=\"height: 14.5pt; border-top: none; width: 179pt;\" width=\"239\" height=\"19\">N\u00f8rrebro United<\/td>\n<td class=\"xl64\" style=\"border-top: none; border-left: none; width: 162pt;\" width=\"216\">C01+C02<br>Kildebakkeskolen<\/td>\n<\/tr>\n<tr style=\"height: 14.5pt;\">\n<td class=\"xl64\" style=\"height: 14.5pt; border-top: none; width: 179pt;\" width=\"239\" height=\"19\">Overlund GF<\/td>\n<td class=\"xl64\" style=\"border-top: none; border-left: none; width: 162pt;\" width=\"216\">C11<br>Hvedev\u00e6nget<\/td>\n<\/tr>\n<tr style=\"height: 14.5pt;\">\n<td class=\"xl64\" style=\"height: 14.5pt; border-top: none; width: 179pt;\" width=\"239\" height=\"19\">Randaberg Fotball<\/td>\n<td class=\"xl64\" style=\"border-top: none; border-left: none; width: 162pt;\" width=\"216\">Timring<\/td>\n<\/tr>\n<tr style=\"height: 14.5pt;\">\n<td class=\"xl64\" style=\"height: 14.5pt; border-top: none; width: 179pt;\" width=\"239\" height=\"19\">Rebild Syd<\/td>\n<td class=\"xl64\" style=\"border-top: none; border-left: none; width: 162pt;\" width=\"216\">C13<br>\u00d8stergade Nord 2<\/td>\n<\/tr>\n<tr style=\"height: 14.5pt;\">\n<td class=\"xl64\" style=\"height: 14.5pt; border-top: none; width: 179pt;\" width=\"239\" height=\"19\">Riska FK<\/td>\n<td class=\"xl64\" style=\"border-top: none; border-left: none; width: 162pt;\" width=\"216\">Timring<\/td>\n<\/tr>\n<tr style=\"height: 14.5pt;\">\n<td class=\"xl64\" style=\"height: 14.5pt; border-top: none; width: 179pt;\" width=\"239\" height=\"19\">Roslev IK<\/td>\n<td class=\"xl64\" style=\"border-top: none; border-left: none; width: 162pt;\" width=\"216\">C01+C02<br>Kildebakkeskolen<\/td>\n<\/tr>\n<tr style=\"height: 14.5pt;\">\n<td class=\"xl64\" style=\"height: 14.5pt; border-top: none; width: 179pt;\" width=\"239\" height=\"19\">R\u00f8dding IF<\/td>\n<td class=\"xl64\" style=\"border-top: none; border-left: none; width: 162pt;\" width=\"216\">C11<br>Hvedev\u00e6nget<\/td>\n<\/tr>\n<tr style=\"height: 14.5pt;\">\n<td class=\"xl64\" style=\"height: 14.5pt; border-top: none; width: 179pt;\" width=\"239\" height=\"19\">SIF Assentoft<\/td>\n<td class=\"xl64\" style=\"border-top: none; border-left: none; width: 162pt;\" width=\"216\">Timring<\/td>\n<\/tr>\n<tr style=\"height: 14.5pt;\">\n<td class=\"xl64\" style=\"height: 14.5pt; border-top: none; width: 179pt;\" width=\"239\" height=\"19\">Sj\u00f8rring B<\/td>\n<td class=\"xl64\" style=\"border-top: none; border-left: none; width: 162pt;\" width=\"216\">Sinding<\/td>\n<\/tr>\n<tr style=\"height: 14.5pt;\">\n<td class=\"xl64\" style=\"height: 14.5pt; border-top: none; width: 179pt;\" width=\"239\" height=\"19\">Skive IK<\/td>\n<td class=\"xl64\" style=\"border-top: none; border-left: none; width: 162pt;\" width=\"216\">C05<br>Rideskolen<\/td>\n<\/tr>\n<tr style=\"height: 14.5pt;\">\n<td class=\"xl64\" style=\"height: 14.5pt; border-top: none; width: 179pt;\" width=\"239\" height=\"19\">Sk\u00f8rping IF Frem<\/td>\n<td class=\"xl64\" style=\"border-top: none; border-left: none; width: 162pt;\" width=\"216\">C11<br>Hvedev\u00e6nget<\/td>\n<\/tr>\n<tr style=\"height: 14.5pt;\">\n<td class=\"xl64\" style=\"height: 14.5pt; border-top: none; width: 179pt;\" width=\"239\" height=\"19\">Stenl\u00f8se BK<\/td>\n<td class=\"xl64\" style=\"border-top: none; border-left: none; width: 162pt;\" width=\"216\">C11<br>Hvedev\u00e6nget<\/td>\n<\/tr>\n<tr style=\"height: 14.5pt;\">\n<td class=\"xl64\" style=\"height: 14.5pt; border-top: none; width: 179pt;\" width=\"239\" height=\"19\">Store Heddinge BK<\/td>\n<td class=\"xl64\" style=\"border-top: none; border-left: none; width: 162pt;\" width=\"216\">C01+C02<br>Kildebakkeskolen<\/td>\n<\/tr>\n<tr style=\"height: 14.5pt;\">\n<td class=\"xl64\" style=\"height: 14.5pt; border-top: none; width: 179pt;\" width=\"239\" height=\"19\">St\u00f8vring IF Fodbold<\/td>\n<td class=\"xl64\" style=\"border-top: none; border-left: none; width: 162pt;\" width=\"216\">C09<br>Tranholmvej<\/td>\n<\/tr>\n<tr style=\"height: 14.5pt;\">\n<td class=\"xl64\" style=\"height: 14.5pt; border-top: none; width: 179pt;\" width=\"239\" height=\"19\">Sunde IL<\/td>\n<td class=\"xl64\" style=\"border-top: none; border-left: none; width: 162pt;\" width=\"216\">Timring<\/td>\n<\/tr>\n<tr style=\"height: 14.5pt;\">\n<td class=\"xl64\" style=\"height: 14.5pt; border-top: none; width: 179pt;\" width=\"239\" height=\"19\">SV Curslack-Neuengamme<\/td>\n<td class=\"xl64\" style=\"border-top: none; border-left: none; width: 162pt;\" width=\"216\">Timring<\/td>\n<\/tr>\n<tr style=\"height: 14.5pt;\">\n<td class=\"xl64\" style=\"height: 14.5pt; border-top: none; width: 179pt;\" width=\"239\" height=\"19\">Svogerslev BK<\/td>\n<td class=\"xl64\" style=\"border-top: none; border-left: none; width: 162pt;\" width=\"216\">C01+C02<br>Kildebakkeskolen<\/td>\n<\/tr>\n<tr style=\"height: 14.5pt;\">\n<td class=\"xl64\" style=\"height: 14.5pt; border-top: none; width: 179pt;\" width=\"239\" height=\"19\">Thisted FC<\/td>\n<td class=\"xl64\" style=\"border-top: none; border-left: none; width: 162pt;\" width=\"216\">Timring<\/td>\n<\/tr>\n<tr style=\"height: 14.5pt;\">\n<td class=\"xl64\" style=\"height: 14.5pt; border-top: none; width: 179pt;\" width=\"239\" height=\"19\">Varde IF<\/td>\n<td class=\"xl64\" style=\"border-top: none; border-left: none; width: 162pt;\" width=\"216\">Timring<\/td>\n<\/tr>\n<tr style=\"height: 14.5pt;\">\n<td class=\"xl64\" style=\"height: 14.5pt; border-top: none; width: 179pt;\" width=\"239\" height=\"19\">Vardeneset BK<\/td>\n<td class=\"xl64\" style=\"border-top: none; border-left: none; width: 162pt;\" width=\"216\">Timring<\/td>\n<\/tr>\n<tr style=\"height: 14.5pt;\">\n<td class=\"xl64\" style=\"height: 14.5pt; border-top: none; width: 179pt;\" width=\"239\" height=\"19\">Vejgaard B<\/td>\n<td class=\"xl64\" style=\"border-top: none; border-left: none; width: 162pt;\" width=\"216\">Timring<\/td>\n<\/tr>\n<tr style=\"height: 14.5pt;\">\n<td class=\"xl64\" style=\"height: 14.5pt; border-top: none; width: 179pt;\" width=\"239\" height=\"19\">Viborg FF<\/td>\n<td class=\"xl64\" style=\"border-top: none; border-left: none; width: 162pt;\" width=\"216\">C11<br>Hvedev\u00e6nget<\/td>\n<\/tr>\n<tr style=\"height: 14.5pt;\">\n<td class=\"xl64\" style=\"height: 14.5pt; border-top: none; width: 179pt;\" width=\"239\" height=\"19\">Vildbjerg SF<\/td>\n<td class=\"xl64\" style=\"border-top: none; border-left: none; width: 162pt;\" width=\"216\">C07<br>Antons mark<\/td>\n<\/tr>\n<tr style=\"height: 14.5pt;\">\n<td class=\"xl64\" style=\"height: 14.5pt; border-top: none; width: 179pt;\" width=\"239\" height=\"19\">\u00d8rslev GIF (V)<\/td>\n<td class=\"xl64\" style=\"border-top: none; border-left: none; width: 162pt;\" width=\"216\">Sinding<\/td>\n<\/tr>\n<tr style=\"height: 14.5pt;\">\n<td class=\"xl64\" style=\"height: 14.5pt; border-top: none; width: 179pt;\" width=\"239\" height=\"19\">\u00d8ster Han Herred<\/td>\n<td class=\"xl64\" style=\"border-top: none; border-left: none; width: 162pt;\" width=\"216\">C11<br>Hvedev\u00e6nget<\/td>\n<\/tr>\n<tr style=\"height: 14.5pt;\">\n<td class=\"xl64\" style=\"height: 14.5pt; border-top: none; width: 179pt;\" width=\"239\" height=\"19\">Aabyh\u00f8j IF<\/td>\n<td class=\"xl64\" style=\"border-top: none; border-left: none; width: 162pt;\" width=\"216\">Sinding<\/td>\n<\/tr>\n<tr style=\"height: 14.5pt;\">\n<td class=\"xl64\" style=\"height: 14.5pt; border-top: none; width: 179pt;\" width=\"239\" height=\"19\">Aars IK<\/td>\n<td class=\"xl64\" style=\"border-top: none; border-left: none; width: 162pt;\" width=\"216\">C12<br>\u00d8stergade Nord 1<\/td>\n<\/tr>\n<\/tbody>\n<\/table>\n<\/div>\t\t\t\t\t\t\t\t<\/div>\n\t\t\t\t<\/div>\n\t\t\t\t\t<\/div>\n\t\t<\/div>\n\t\t\t\t\t<\/div>\n\t\t<\/section>\n\t\t\t\t<\/div>","protected":false},"excerpt":{"rendered":"<p>Campingpladser 2025 Ved sp\u00f8rgsm\u00e5l: kontakt Campinginfo p\u00e5 tlf. 97133820 eller camping@vildbjerg-cup.dk C2 Kildebakkeskolen &#8211; indk\u00f8rsel ad Soldalen C5 Rideskolen &#8211; indk\u00f8rsel ad Sports All\u00e9 C6 S\u00f8parken &#8211; indk\u00f8rsel via Tranholmvej C9 Tranholmvej C11 Hvedev\u00e6nget&nbsp;(opd. 29\/7) C12-13 \u00d8stergade Nord Camping Timring&nbsp;&#8211; Fuglsangsvej 15, Timring, 7480 Vildbjerg Camping N\u00f8vling&nbsp;&#8211; N\u00f8vlingskovvej 1A, N\u00f8vling, 7480 Vildbjerg Camping Sinding&nbsp;&#8211; Skoletoften [&hellip;]<\/p>\n","protected":false},"author":6,"featured_media":0,"parent":0,"menu_order":0,"comment_status":"closed","ping_status":"closed","template":"","meta":{"footnotes":""},"class_list":["post-3264","page","type-page","status-publish","hentry"],"acf":[],"_links":{"self":[{"href":"https:\/\/www.vildbjerg-cup.dk\/en\/wp-json\/wp\/v2\/pages\/3264","targetHints":{"allow":["GET"]}}],"collection":[{"href":"https:\/\/www.vildbjerg-cup.dk\/en\/wp-json\/wp\/v2\/pages"}],"about":[{"href":"https:\/\/www.vildbjerg-cup.dk\/en\/wp-json\/wp\/v2\/types\/page"}],"author":[{"embeddable":true,"href":"https:\/\/www.vildbjerg-cup.dk\/en\/wp-json\/wp\/v2\/users\/6"}],"replies":[{"embeddable":true,"href":"https:\/\/www.vildbjerg-cup.dk\/en\/wp-json\/wp\/v2\/comments?post=3264"}],"version-history":[{"count":81,"href":"https:\/\/www.vildbjerg-cup.dk\/en\/wp-json\/wp\/v2\/pages\/3264\/revisions"}],"predecessor-version":[{"id":4815,"href":"https:\/\/www.vildbjerg-cup.dk\/en\/wp-json\/wp\/v2\/pages\/3264\/revisions\/4815"}],"wp:attachment":[{"href":"https:\/\/www.vildbjerg-cup.dk\/en\/wp-json\/wp\/v2\/media?parent=3264"}],"curies":[{"name":"wp","href":"https:\/\/api.w.org\/{rel}","templated":true}]}}